{"id":6302,"date":"2023-02-27T13:54:33","date_gmt":"2023-02-27T12:54:34","guid":{"rendered":"https:\/\/www.cervesaguineu.com\/?post_type=product&#038;p=6302"},"modified":"2023-03-30T10:34:44","modified_gmt":"2023-03-30T08:34:44","slug":"clubguineu-3meses","status":"publish","type":"product","link":"https:\/\/www.cervesaguineu.com\/es\/cerveza\/clubguineu-3meses\/","title":{"rendered":"Club Guineu [Suscripci\u00f3n 3 meses]"},"content":{"rendered":"<p dir=\"ltr\"><img decoding=\"async\" class=\"CToWUd\" src=\"https:\/\/ci5.googleusercontent.com\/proxy\/hATuLKDs9vZ6oM8WXHwPpAm3l_GVqudFH3VnW2Wnn0JjxHW098F60i4SQZZkm36bzMnGCrWjjBvwUCiis7DeQqcs-cbDlT1STyzwJw=s0-d-e1-ft#https:\/\/fonts.gstatic.com\/s\/e\/notoemoji\/15.0\/1f4cc\/32.png\" alt=\"\ud83d\udccc\" aria-label=\"\ud83d\udccc\" data-bit=\"iit\" \/>\u00a0Cervezas artesanas elaboradas en nuestra f\u00e1brica, tanto Guineu, como otras marcas artesanas.<\/p>\n<p dir=\"ltr\"><img decoding=\"async\" class=\"CToWUd\" src=\"https:\/\/ci5.googleusercontent.com\/proxy\/hATuLKDs9vZ6oM8WXHwPpAm3l_GVqudFH3VnW2Wnn0JjxHW098F60i4SQZZkm36bzMnGCrWjjBvwUCiis7DeQqcs-cbDlT1STyzwJw=s0-d-e1-ft#https:\/\/fonts.gstatic.com\/s\/e\/notoemoji\/15.0\/1f4cc\/32.png\" alt=\"\ud83d\udccc\" aria-label=\"\ud83d\udccc\" data-bit=\"iit\" \/>\u00a06 cervezas artesanas: 2 unidades de las 3 cervezas nuevas de cada mes, en exclusiva para ti, por ser parte de nuestra familia.<\/p>\n<p dir=\"ltr\"><img decoding=\"async\" class=\"CToWUd\" src=\"https:\/\/ci5.googleusercontent.com\/proxy\/hATuLKDs9vZ6oM8WXHwPpAm3l_GVqudFH3VnW2Wnn0JjxHW098F60i4SQZZkm36bzMnGCrWjjBvwUCiis7DeQqcs-cbDlT1STyzwJw=s0-d-e1-ft#https:\/\/fonts.gstatic.com\/s\/e\/notoemoji\/15.0\/1f4cc\/32.png\" alt=\"\ud83d\udccc\" aria-label=\"\ud83d\udccc\" data-bit=\"iit\" \/>\u00a0Env\u00edo directo desde la f\u00e1brica hasta tu casa. \u00a1Sin intermediarios!<\/p>\n<p dir=\"ltr\"><img decoding=\"async\" class=\"CToWUd\" src=\"https:\/\/ci5.googleusercontent.com\/proxy\/hATuLKDs9vZ6oM8WXHwPpAm3l_GVqudFH3VnW2Wnn0JjxHW098F60i4SQZZkm36bzMnGCrWjjBvwUCiis7DeQqcs-cbDlT1STyzwJw=s0-d-e1-ft#https:\/\/fonts.gstatic.com\/s\/e\/notoemoji\/15.0\/1f4cc\/32.png\" alt=\"\ud83d\udccc\" aria-label=\"\ud83d\udccc\" data-bit=\"iit\" \/>\u00a0Un packaging BRUTAL para que tus cervezas lleguen a tu casa en perfecto estado.<\/p>\n<p dir=\"ltr\"><img decoding=\"async\" class=\"CToWUd\" src=\"https:\/\/ci5.googleusercontent.com\/proxy\/hATuLKDs9vZ6oM8WXHwPpAm3l_GVqudFH3VnW2Wnn0JjxHW098F60i4SQZZkm36bzMnGCrWjjBvwUCiis7DeQqcs-cbDlT1STyzwJw=s0-d-e1-ft#https:\/\/fonts.gstatic.com\/s\/e\/notoemoji\/15.0\/1f4cc\/32.png\" alt=\"\ud83d\udccc\" aria-label=\"\ud83d\udccc\" data-bit=\"iit\" \/>\u00a0Notas de cata directas a tu mail.<\/p>\n<p dir=\"ltr\"><img decoding=\"async\" class=\"CToWUd\" src=\"https:\/\/ci5.googleusercontent.com\/proxy\/hATuLKDs9vZ6oM8WXHwPpAm3l_GVqudFH3VnW2Wnn0JjxHW098F60i4SQZZkm36bzMnGCrWjjBvwUCiis7DeQqcs-cbDlT1STyzwJw=s0-d-e1-ft#https:\/\/fonts.gstatic.com\/s\/e\/notoemoji\/15.0\/1f4cc\/32.png\" alt=\"\ud83d\udccc\" aria-label=\"\ud83d\udccc\" data-bit=\"iit\" \/>\u00a0Acceso a descuentos excepcionales y exclusivos en nuestra tienda en l\u00ednea.<\/p>\n<p>|| Un embalaje resistente para proteger las cervezas. || Env\u00edo GRATUITO<\/p>\n<p>Te interesa un pedido de m\u00e1s volumen para regalar, a tu oficina, a un acontecimiento, con un grupo de amigos y amigas&#8230;? Te podemos ofrecer descuentos personalizados en funci\u00f3n del volumen solicitado. Env\u00eda un correo electr\u00f3nico a pol.vilana@cervesaguineu.com !<\/p>\n<p>Libraremos tu CLUB GUINEU a partir del 1\/04\/2022<\/p>\n","protected":false},"excerpt":{"rendered":"<p dir=\"ltr\"><img decoding=\"async\" class=\"CToWUd\" src=\"https:\/\/ci5.googleusercontent.com\/proxy\/hATuLKDs9vZ6oM8WXHwPpAm3l_GVqudFH3VnW2Wnn0JjxHW098F60i4SQZZkm36bzMnGCrWjjBvwUCiis7DeQqcs-cbDlT1STyzwJw=s0-d-e1-ft#https:\/\/fonts.gstatic.com\/s\/e\/notoemoji\/15.0\/1f4cc\/32.png\" alt=\"\ud83d\udccc\" aria-label=\"\ud83d\udccc\" data-bit=\"iit\" \/>\u00a0Cervezas artesanas elaboradas en nuestra f\u00e1brica, tanto Guineu, como otras marcas artesanas.<\/p>\n<p dir=\"ltr\"><img decoding=\"async\" class=\"CToWUd\" src=\"https:\/\/ci5.googleusercontent.com\/proxy\/hATuLKDs9vZ6oM8WXHwPpAm3l_GVqudFH3VnW2Wnn0JjxHW098F60i4SQZZkm36bzMnGCrWjjBvwUCiis7DeQqcs-cbDlT1STyzwJw=s0-d-e1-ft#https:\/\/fonts.gstatic.com\/s\/e\/notoemoji\/15.0\/1f4cc\/32.png\" alt=\"\ud83d\udccc\" aria-label=\"\ud83d\udccc\" data-bit=\"iit\" \/>\u00a06 cervezas artesanas: 2 unidades de las 3 cervezas nuevas de cada mes, en exclusiva para ti, por ser parte de nuestra familia.<\/p>\n<p dir=\"ltr\"><img decoding=\"async\" class=\"CToWUd\" src=\"https:\/\/ci5.googleusercontent.com\/proxy\/hATuLKDs9vZ6oM8WXHwPpAm3l_GVqudFH3VnW2Wnn0JjxHW098F60i4SQZZkm36bzMnGCrWjjBvwUCiis7DeQqcs-cbDlT1STyzwJw=s0-d-e1-ft#https:\/\/fonts.gstatic.com\/s\/e\/notoemoji\/15.0\/1f4cc\/32.png\" alt=\"\ud83d\udccc\" aria-label=\"\ud83d\udccc\" data-bit=\"iit\" \/>\u00a0Env\u00edo directo desde la f\u00e1brica hasta tu casa. \u00a1Sin intermediarios!<\/p>\n<p dir=\"ltr\"><img decoding=\"async\" class=\"CToWUd\" src=\"https:\/\/ci5.googleusercontent.com\/proxy\/hATuLKDs9vZ6oM8WXHwPpAm3l_GVqudFH3VnW2Wnn0JjxHW098F60i4SQZZkm36bzMnGCrWjjBvwUCiis7DeQqcs-cbDlT1STyzwJw=s0-d-e1-ft#https:\/\/fonts.gstatic.com\/s\/e\/notoemoji\/15.0\/1f4cc\/32.png\" alt=\"\ud83d\udccc\" aria-label=\"\ud83d\udccc\" data-bit=\"iit\" \/>\u00a0Un packaging BRUTAL para que tus cervezas lleguen a tu casa en perfecto estado.<\/p>\n<p dir=\"ltr\"><img decoding=\"async\" class=\"CToWUd\" src=\"https:\/\/ci5.googleusercontent.com\/proxy\/hATuLKDs9vZ6oM8WXHwPpAm3l_GVqudFH3VnW2Wnn0JjxHW098F60i4SQZZkm36bzMnGCrWjjBvwUCiis7DeQqcs-cbDlT1STyzwJw=s0-d-e1-ft#https:\/\/fonts.gstatic.com\/s\/e\/notoemoji\/15.0\/1f4cc\/32.png\" alt=\"\ud83d\udccc\" aria-label=\"\ud83d\udccc\" data-bit=\"iit\" \/>\u00a0Notas de cata directas a tu mail.<\/p>\n<p dir=\"ltr\"><img decoding=\"async\" class=\"CToWUd\" src=\"https:\/\/ci5.googleusercontent.com\/proxy\/hATuLKDs9vZ6oM8WXHwPpAm3l_GVqudFH3VnW2Wnn0JjxHW098F60i4SQZZkm36bzMnGCrWjjBvwUCiis7DeQqcs-cbDlT1STyzwJw=s0-d-e1-ft#https:\/\/fonts.gstatic.com\/s\/e\/notoemoji\/15.0\/1f4cc\/32.png\" alt=\"\ud83d\udccc\" aria-label=\"\ud83d\udccc\" data-bit=\"iit\" \/>\u00a0Acceso a descuentos excepcionales y exclusivos en nuestra tienda en l\u00ednea.<\/p>\n<p>|| Un embalaje resistente para proteger las cervezas. || Env\u00edo GRATUITO<\/p>\n<p>Te interesa un pedido de m\u00e1s volumen para regalar, a tu oficina, a un acontecimiento, con un grupo de amigos y amigas&#8230;? Te podemos ofrecer descuentos personalizados en funci\u00f3n del volumen solicitado. Env\u00eda un correo electr\u00f3nico a pol.vilana@cervesaguineu.com !<\/p>\n<p>Libraremos tu CLUB GUINEU a partir del 1\/04\/2022<\/p>\n","protected":false},"featured_media":0,"template":"","meta":{"_acf_changed":false,"inline_featured_image":false,"site-sidebar-layout":"default","site-content-layout":"default","ast-site-content-layout":"","site-content-style":"default","site-sidebar-style":"default","ast-global-header-display":"","ast-banner-title-visibility":"","ast-main-header-display":"","ast-hfb-above-header-display":"","ast-hfb-below-header-display":"","ast-hfb-mobile-header-display":"","site-post-title":"","ast-breadcrumbs-content":"","ast-featured-img":"","footer-sml-layout":"","theme-transparent-header-meta":"disabled","adv-header-id-meta":"","stick-header-meta":"default","header-above-stick-meta":"","header-main-stick-meta":"","header-below-stick-meta":"","astra-migrate-meta-layouts":"default","ast-page-background-enabled":"default","ast-page-background-meta":{"desktop":{"background-color":"","background-image":"","background-repeat":"repeat","background-position":"center center","background-size":"auto","background-attachment":"scroll","background-type":"","background-media":"","overlay-type":"","overlay-color":"","overlay-opacity":"","overlay-gradient":""},"tablet":{"background-color":"","background-image":"","background-repeat":"repeat","background-position":"center center","background-size":"auto","background-attachment":"scroll","background-type":"","background-media":"","overlay-type":"","overlay-color":"","overlay-opacity":"","overlay-gradient":""},"mobile":{"background-color":"","background-image":"","background-repeat":"repeat","background-position":"center center","background-size":"auto","background-attachment":"scroll","background-type":"","background-media":"","overlay-type":"","overlay-color":"","overlay-opacity":"","overlay-gradient":""}},"ast-content-background-meta":{"desktop":{"background-color":"var(--ast-global-color-5)","background-image":"","background-repeat":"repeat","background-position":"center center","background-size":"auto","background-attachment":"scroll","background-type":"","background-media":"","overlay-type":"","overlay-color":"","overlay-opacity":"","overlay-gradient":""},"tablet":{"background-color":"var(--ast-global-color-5)","background-image":"","background-repeat":"repeat","background-position":"center center","background-size":"auto","background-attachment":"scroll","background-type":"","background-media":"","overlay-type":"","overlay-color":"","overlay-opacity":"","overlay-gradient":""},"mobile":{"background-color":"var(--ast-global-color-5)","background-image":"","background-repeat":"repeat","background-position":"center center","background-size":"auto","background-attachment":"scroll","background-type":"","background-media":"","overlay-type":"","overlay-color":"","overlay-opacity":"","overlay-gradient":""}}},"product_cat":[176],"product_tag":[],"class_list":{"0":"post-6302","1":"product","2":"type-product","3":"status-publish","5":"product_cat-club-guineu-es","6":"product_shipping_class-envio-gratuito-es","7":"pa_format-lata-33cl","8":"pa_format-lata-44cl-es","9":"pa_pack-6-pack-es","10":"desktop-align-left","11":"tablet-align-left","12":"mobile-align-left","14":"first","15":"outofstock","16":"featured","17":"taxable","18":"shipping-taxable","19":"purchasable","20":"product-type-simple"},"acf":[],"_links":{"self":[{"href":"https:\/\/www.cervesaguineu.com\/es\/wp-json\/wp\/v2\/product\/6302","targetHints":{"allow":["GET"]}}],"collection":[{"href":"https:\/\/www.cervesaguineu.com\/es\/wp-json\/wp\/v2\/product"}],"about":[{"href":"https:\/\/www.cervesaguineu.com\/es\/wp-json\/wp\/v2\/types\/product"}],"wp:attachment":[{"href":"https:\/\/www.cervesaguineu.com\/es\/wp-json\/wp\/v2\/media?parent=6302"}],"wp:term":[{"taxonomy":"product_cat","embeddable":true,"href":"https:\/\/www.cervesaguineu.com\/es\/wp-json\/wp\/v2\/product_cat?post=6302"},{"taxonomy":"product_tag","embeddable":true,"href":"https:\/\/www.cervesaguineu.com\/es\/wp-json\/wp\/v2\/product_tag?post=6302"}],"curies":[{"name":"wp","href":"https:\/\/api.w.org\/{rel}","templated":true}]}}