{"id":5983,"date":"2023-01-27T15:26:59","date_gmt":"2023-01-27T14:26:59","guid":{"rendered":"https:\/\/www.cervesaguineu.com\/?post_type=product&#038;p=5983"},"modified":"2023-01-27T16:19:25","modified_gmt":"2023-01-27T15:19:25","slug":"wipa-wheat-ipa-copia","status":"publish","type":"product","link":"https:\/\/www.cervesaguineu.com\/es\/cerveza\/wipa-wheat-ipa-copia\/","title":{"rendered":"WIPA [Wheat IPA]"},"content":{"rendered":"","protected":false},"excerpt":{"rendered":"<p>oy tre traemos una antigua receta de la casa, que incluso est\u00e1 publicada en un libro. WIPA, una cerveza de color \u00e1mbar, de buena espuma cremosa y blanca, resultado del trigo utilizado en esta cl\u00e1sica receta de Guineu. Ya en nariz se pueden percibir esas notas del grano de trigo, como masa o grano crudos, que se entrelazan con lo c\u00edtrico del l\u00fapulo. En boca, el amargor demora un segundo en aparecer, pero cuando se percibe inunda la boca de sabores c\u00edtricos y frutales. Sin duda, lo mejor de los 2 mundos se une en esta cerveza de trigo ultra lupulada.<\/p>\n","protected":false},"featured_media":0,"template":"","meta":{"_acf_changed":false,"inline_featured_image":false,"site-sidebar-layout":"default","site-content-layout":"default","ast-site-content-layout":"","site-content-style":"default","site-sidebar-style":"default","ast-global-header-display":"","ast-banner-title-visibility":"","ast-main-header-display":"","ast-hfb-above-header-display":"","ast-hfb-below-header-display":"","ast-hfb-mobile-header-display":"","site-post-title":"","ast-breadcrumbs-content":"","ast-featured-img":"","footer-sml-layout":"","theme-transparent-header-meta":"disabled","adv-header-id-meta":"","stick-header-meta":"default","header-above-stick-meta":"","header-main-stick-meta":"","header-below-stick-meta":"","astra-migrate-meta-layouts":"default","ast-page-background-enabled":"default","ast-page-background-meta":{"desktop":{"background-color":"","background-image":"","background-repeat":"repeat","background-position":"center center","background-size":"auto","background-attachment":"scroll","background-type":"","background-media":"","overlay-type":"","overlay-color":"","overlay-opacity":"","overlay-gradient":""},"tablet":{"background-color":"","background-image":"","background-repeat":"repeat","background-position":"center center","background-size":"auto","background-attachment":"scroll","background-type":"","background-media":"","overlay-type":"","overlay-color":"","overlay-opacity":"","overlay-gradient":""},"mobile":{"background-color":"","background-image":"","background-repeat":"repeat","background-position":"center center","background-size":"auto","background-attachment":"scroll","background-type":"","background-media":"","overlay-type":"","overlay-color":"","overlay-opacity":"","overlay-gradient":""}},"ast-content-background-meta":{"desktop":{"background-color":"var(--ast-global-color-5)","background-image":"","background-repeat":"repeat","background-position":"center center","background-size":"auto","background-attachment":"scroll","background-type":"","background-media":"","overlay-type":"","overlay-color":"","overlay-opacity":"","overlay-gradient":""},"tablet":{"background-color":"var(--ast-global-color-5)","background-image":"","background-repeat":"repeat","background-position":"center center","background-size":"auto","background-attachment":"scroll","background-type":"","background-media":"","overlay-type":"","overlay-color":"","overlay-opacity":"","overlay-gradient":""},"mobile":{"background-color":"var(--ast-global-color-5)","background-image":"","background-repeat":"repeat","background-position":"center center","background-size":"auto","background-attachment":"scroll","background-type":"","background-media":"","overlay-type":"","overlay-color":"","overlay-opacity":"","overlay-gradient":""}}},"product_cat":[58,59],"product_tag":[75],"class_list":{"0":"post-5983","1":"product","2":"type-product","3":"status-publish","5":"product_cat-ediciones-limitadas","6":"product_cat-gusto-7","7":"product_tag-gusto-7","8":"product_shipping_class-envio-gratuito-es","9":"pa_estils-trigo","10":"pa_format-botellin-33cl-es","11":"pa_graduacio-alcoholica-7-vol-es","12":"desktop-align-left","13":"tablet-align-left","14":"mobile-align-left","16":"first","17":"outofstock","18":"taxable","19":"shipping-taxable","20":"purchasable","21":"product-type-simple"},"acf":[],"_links":{"self":[{"href":"https:\/\/www.cervesaguineu.com\/es\/wp-json\/wp\/v2\/product\/5983","targetHints":{"allow":["GET"]}}],"collection":[{"href":"https:\/\/www.cervesaguineu.com\/es\/wp-json\/wp\/v2\/product"}],"about":[{"href":"https:\/\/www.cervesaguineu.com\/es\/wp-json\/wp\/v2\/types\/product"}],"wp:attachment":[{"href":"https:\/\/www.cervesaguineu.com\/es\/wp-json\/wp\/v2\/media?parent=5983"}],"wp:term":[{"taxonomy":"product_cat","embeddable":true,"href":"https:\/\/www.cervesaguineu.com\/es\/wp-json\/wp\/v2\/product_cat?post=5983"},{"taxonomy":"product_tag","embeddable":true,"href":"https:\/\/www.cervesaguineu.com\/es\/wp-json\/wp\/v2\/product_tag?post=5983"}],"curies":[{"name":"wp","href":"https:\/\/api.w.org\/{rel}","templated":true}]}}