{"id":5739,"date":"2022-12-15T11:59:23","date_gmt":"2022-12-15T10:59:23","guid":{"rendered":"https:\/\/www.cervesaguineu.com\/?post_type=product&#038;p=5739"},"modified":"2022-12-15T12:35:56","modified_gmt":"2022-12-15T11:35:56","slug":"espiga-feat-guineu-english-brown-ale","status":"publish","type":"product","link":"https:\/\/www.cervesaguineu.com\/es\/cerveza\/espiga-feat-guineu-english-brown-ale\/","title":{"rendered":"Espiga feat Guineu [English Brown Ale]"},"content":{"rendered":"","protected":false},"excerpt":{"rendered":"<p><span class=\"JsGRdQ\">Con los colegas de Espiga estuvimos buceando a trav\u00e9s de otras recetas y elaboramos una cl\u00e1sica English Brown Ale: cerveza de color marr\u00f3n oscuro, opaca, de espuma beige y cremosa. En aroma se perciben notas como a grano de caf\u00e9 levemente tostado que reaparecen en boca, acompa\u00f1adas por toffee y notas de malta torrefacta que le aportan un amargor medio, complementado a las notas como a chocolate y caramelo. De cuerpo medio y con un 6% de ABV, la hacen ideal para cualquier tarde de diciembre.<\/span><\/p>\n","protected":false},"featured_media":0,"template":"","meta":{"_acf_changed":false,"inline_featured_image":false,"site-sidebar-layout":"default","site-content-layout":"default","ast-site-content-layout":"","site-content-style":"default","site-sidebar-style":"default","ast-global-header-display":"","ast-banner-title-visibility":"","ast-main-header-display":"","ast-hfb-above-header-display":"","ast-hfb-below-header-display":"","ast-hfb-mobile-header-display":"","site-post-title":"","ast-breadcrumbs-content":"","ast-featured-img":"","footer-sml-layout":"","theme-transparent-header-meta":"disabled","adv-header-id-meta":"","stick-header-meta":"default","header-above-stick-meta":"","header-main-stick-meta":"","header-below-stick-meta":"","astra-migrate-meta-layouts":"default","ast-page-background-enabled":"default","ast-page-background-meta":{"desktop":{"background-color":"","background-image":"","background-repeat":"repeat","background-position":"center center","background-size":"auto","background-attachment":"scroll","background-type":"","background-media":"","overlay-type":"","overlay-color":"","overlay-opacity":"","overlay-gradient":""},"tablet":{"background-color":"","background-image":"","background-repeat":"repeat","background-position":"center center","background-size":"auto","background-attachment":"scroll","background-type":"","background-media":"","overlay-type":"","overlay-color":"","overlay-opacity":"","overlay-gradient":""},"mobile":{"background-color":"","background-image":"","background-repeat":"repeat","background-position":"center center","background-size":"auto","background-attachment":"scroll","background-type":"","background-media":"","overlay-type":"","overlay-color":"","overlay-opacity":"","overlay-gradient":""}},"ast-content-background-meta":{"desktop":{"background-color":"var(--ast-global-color-5)","background-image":"","background-repeat":"repeat","background-position":"center center","background-size":"auto","background-attachment":"scroll","background-type":"","background-media":"","overlay-type":"","overlay-color":"","overlay-opacity":"","overlay-gradient":""},"tablet":{"background-color":"var(--ast-global-color-5)","background-image":"","background-repeat":"repeat","background-position":"center center","background-size":"auto","background-attachment":"scroll","background-type":"","background-media":"","overlay-type":"","overlay-color":"","overlay-opacity":"","overlay-gradient":""},"mobile":{"background-color":"var(--ast-global-color-5)","background-image":"","background-repeat":"repeat","background-position":"center center","background-size":"auto","background-attachment":"scroll","background-type":"","background-media":"","overlay-type":"","overlay-color":"","overlay-opacity":"","overlay-gradient":""}}},"product_cat":[58,44],"product_tag":[76],"class_list":{"0":"post-5739","1":"product","2":"type-product","3":"status-publish","5":"product_cat-ediciones-limitadas","6":"product_cat-gusto-8","7":"product_tag-gusto-8","8":"pa_estils-brown-ale-es","9":"pa_estils-colaboraciones","10":"pa_format-lata-33cl","11":"pa_graduacio-alcoholica-7-vol-es","12":"desktop-align-left","13":"tablet-align-left","14":"mobile-align-left","16":"first","17":"outofstock","18":"featured","19":"taxable","20":"shipping-taxable","21":"purchasable","22":"product-type-simple"},"acf":[],"_links":{"self":[{"href":"https:\/\/www.cervesaguineu.com\/es\/wp-json\/wp\/v2\/product\/5739","targetHints":{"allow":["GET"]}}],"collection":[{"href":"https:\/\/www.cervesaguineu.com\/es\/wp-json\/wp\/v2\/product"}],"about":[{"href":"https:\/\/www.cervesaguineu.com\/es\/wp-json\/wp\/v2\/types\/product"}],"wp:attachment":[{"href":"https:\/\/www.cervesaguineu.com\/es\/wp-json\/wp\/v2\/media?parent=5739"}],"wp:term":[{"taxonomy":"product_cat","embeddable":true,"href":"https:\/\/www.cervesaguineu.com\/es\/wp-json\/wp\/v2\/product_cat?post=5739"},{"taxonomy":"product_tag","embeddable":true,"href":"https:\/\/www.cervesaguineu.com\/es\/wp-json\/wp\/v2\/product_tag?post=5739"}],"curies":[{"name":"wp","href":"https:\/\/api.w.org\/{rel}","templated":true}]}}