{"id":5735,"date":"2022-12-15T11:59:04","date_gmt":"2022-12-15T10:59:04","guid":{"rendered":"https:\/\/www.cervesaguineu.com\/?post_type=product&#038;p=5735"},"modified":"2022-12-26T12:04:01","modified_gmt":"2022-12-26T11:04:01","slug":"boira-hazy-ipa-alcohol-free","status":"publish","type":"product","link":"https:\/\/www.cervesaguineu.com\/es\/cerveza\/boira-hazy-ipa-alcohol-free\/","title":{"rendered":"Boira [Hazy IPA alcohol-free]"},"content":{"rendered":"","protected":false},"excerpt":{"rendered":"<p><span class=\"JsGRdQ\">Comencem!\u2026 Aqu\u00ed una col\u00b7labo amb els nostres col\u00b7legues d&#8217;Althaia. Elaborem una cervesa de color groc p\u00e0l\u00b7lid i t\u00e8rbola, caracter\u00edstica de l&#8217;estil. En aroma, busquem obtenir les notes pr\u00f2pies del ll\u00fapol que ens recorden alguna cosa herbal i terrosa. A la boca, els sabors terrosos a herba acabada de tallar i herbals predominen per sobre de la malta, que aporta el contrap\u00e8s necessari al ll\u00fapol. L\u00b4amargor arriba m\u00e9s cap al final, deixant un gust molt agradable, cl\u00e0ssic de Hazy IPA, per\u00f2 sense alcohol. PERFECTA per gaudir-ne en qualsevol moment del dia.<\/span><\/p>\n","protected":false},"featured_media":0,"template":"","meta":{"_acf_changed":false,"inline_featured_image":false,"site-sidebar-layout":"default","site-content-layout":"default","ast-site-content-layout":"","site-content-style":"default","site-sidebar-style":"default","ast-global-header-display":"","ast-banner-title-visibility":"","ast-main-header-display":"","ast-hfb-above-header-display":"","ast-hfb-below-header-display":"","ast-hfb-mobile-header-display":"","site-post-title":"","ast-breadcrumbs-content":"","ast-featured-img":"","footer-sml-layout":"","theme-transparent-header-meta":"disabled","adv-header-id-meta":"","stick-header-meta":"default","header-above-stick-meta":"","header-main-stick-meta":"","header-below-stick-meta":"","astra-migrate-meta-layouts":"default","ast-page-background-enabled":"default","ast-page-background-meta":{"desktop":{"background-color":"","background-image":"","background-repeat":"repeat","background-position":"center center","background-size":"auto","background-attachment":"scroll","background-type":"","background-media":"","overlay-type":"","overlay-color":"","overlay-opacity":"","overlay-gradient":""},"tablet":{"background-color":"","background-image":"","background-repeat":"repeat","background-position":"center center","background-size":"auto","background-attachment":"scroll","background-type":"","background-media":"","overlay-type":"","overlay-color":"","overlay-opacity":"","overlay-gradient":""},"mobile":{"background-color":"","background-image":"","background-repeat":"repeat","background-position":"center center","background-size":"auto","background-attachment":"scroll","background-type":"","background-media":"","overlay-type":"","overlay-color":"","overlay-opacity":"","overlay-gradient":""}},"ast-content-background-meta":{"desktop":{"background-color":"var(--ast-global-color-5)","background-image":"","background-repeat":"repeat","background-position":"center center","background-size":"auto","background-attachment":"scroll","background-type":"","background-media":"","overlay-type":"","overlay-color":"","overlay-opacity":"","overlay-gradient":""},"tablet":{"background-color":"var(--ast-global-color-5)","background-image":"","background-repeat":"repeat","background-position":"center center","background-size":"auto","background-attachment":"scroll","background-type":"","background-media":"","overlay-type":"","overlay-color":"","overlay-opacity":"","overlay-gradient":""},"mobile":{"background-color":"var(--ast-global-color-5)","background-image":"","background-repeat":"repeat","background-position":"center center","background-size":"auto","background-attachment":"scroll","background-type":"","background-media":"","overlay-type":"","overlay-color":"","overlay-opacity":"","overlay-gradient":""}}},"product_cat":[58,44],"product_tag":[76],"class_list":{"0":"post-5735","1":"product","2":"type-product","3":"status-publish","5":"product_cat-ediciones-limitadas","6":"product_cat-gusto-8","7":"product_tag-gusto-8","8":"pa_estils-ipas-pales-ales-hazy-ipa","9":"pa_estils-colaboraciones","10":"pa_format-lata-33cl","11":"pa_graduacio-alcoholica-1-abv-es","12":"pa_graduacio-alcoholica-alcohol-free-es","13":"desktop-align-left","14":"tablet-align-left","15":"mobile-align-left","17":"first","18":"outofstock","19":"featured","20":"taxable","21":"shipping-taxable","22":"purchasable","23":"product-type-simple"},"acf":[],"_links":{"self":[{"href":"https:\/\/www.cervesaguineu.com\/es\/wp-json\/wp\/v2\/product\/5735","targetHints":{"allow":["GET"]}}],"collection":[{"href":"https:\/\/www.cervesaguineu.com\/es\/wp-json\/wp\/v2\/product"}],"about":[{"href":"https:\/\/www.cervesaguineu.com\/es\/wp-json\/wp\/v2\/types\/product"}],"wp:attachment":[{"href":"https:\/\/www.cervesaguineu.com\/es\/wp-json\/wp\/v2\/media?parent=5735"}],"wp:term":[{"taxonomy":"product_cat","embeddable":true,"href":"https:\/\/www.cervesaguineu.com\/es\/wp-json\/wp\/v2\/product_cat?post=5735"},{"taxonomy":"product_tag","embeddable":true,"href":"https:\/\/www.cervesaguineu.com\/es\/wp-json\/wp\/v2\/product_tag?post=5735"}],"curies":[{"name":"wp","href":"https:\/\/api.w.org\/{rel}","templated":true}]}}