{"id":5666,"date":"2022-12-12T09:43:14","date_gmt":"2022-12-12T08:43:15","guid":{"rendered":"https:\/\/www.cervesaguineu.com\/?post_type=product&#038;p=5666"},"modified":"2022-12-26T12:01:09","modified_gmt":"2022-12-26T11:01:09","slug":"fested-mind-imperial-sour","status":"publish","type":"product","link":"https:\/\/www.cervesaguineu.com\/es\/cerveza\/fested-mind-imperial-sour\/","title":{"rendered":"FESTED MIND [Imperial Sour]"},"content":{"rendered":"<p><i> Inspirada en el cl\u00e1sico turr\u00f3n de chocolate. Ideal para calentar las navidades con avellana, almendra, cacao, vainilla, lactosa y chocolate blanco. Una pasada en colaboraci\u00f3n con La Quince. <\/i><\/p>\n","protected":false},"excerpt":{"rendered":"<p><span class=\"JsGRdQ\">Con M\u00e0ger no pod\u00edamos sino irnos hacia el lado Sour de la birra. Te traemos una cerveza de color \u00e1mbar y p\u00e1lida, que presenta una leve turbidez. En aroma destacan las notas a naranja. En boca, se percibe una cerveza agradable y rica, en la que destacan las notas dulces y el punto \u00e1cido de la naranja sanguina a\u00f1adida, que termina por equilibrarse con el chocolate blanco y la malta. Una gran cerveza para disfrutar como postre con un buen turr\u00f3n.<\/span><\/p>\n","protected":false},"featured_media":0,"template":"","meta":{"_acf_changed":false,"inline_featured_image":false,"site-sidebar-layout":"default","site-content-layout":"default","ast-site-content-layout":"","site-content-style":"default","site-sidebar-style":"default","ast-global-header-display":"","ast-banner-title-visibility":"","ast-main-header-display":"","ast-hfb-above-header-display":"","ast-hfb-below-header-display":"","ast-hfb-mobile-header-display":"","site-post-title":"","ast-breadcrumbs-content":"","ast-featured-img":"","footer-sml-layout":"","theme-transparent-header-meta":"disabled","adv-header-id-meta":"","stick-header-meta":"default","header-above-stick-meta":"","header-main-stick-meta":"","header-below-stick-meta":"","astra-migrate-meta-layouts":"default","ast-page-background-enabled":"default","ast-page-background-meta":{"desktop":{"background-color":"","background-image":"","background-repeat":"repeat","background-position":"center center","background-size":"auto","background-attachment":"scroll","background-type":"","background-media":"","overlay-type":"","overlay-color":"","overlay-opacity":"","overlay-gradient":""},"tablet":{"background-color":"","background-image":"","background-repeat":"repeat","background-position":"center center","background-size":"auto","background-attachment":"scroll","background-type":"","background-media":"","overlay-type":"","overlay-color":"","overlay-opacity":"","overlay-gradient":""},"mobile":{"background-color":"","background-image":"","background-repeat":"repeat","background-position":"center center","background-size":"auto","background-attachment":"scroll","background-type":"","background-media":"","overlay-type":"","overlay-color":"","overlay-opacity":"","overlay-gradient":""}},"ast-content-background-meta":{"desktop":{"background-color":"var(--ast-global-color-5)","background-image":"","background-repeat":"repeat","background-position":"center center","background-size":"auto","background-attachment":"scroll","background-type":"","background-media":"","overlay-type":"","overlay-color":"","overlay-opacity":"","overlay-gradient":""},"tablet":{"background-color":"var(--ast-global-color-5)","background-image":"","background-repeat":"repeat","background-position":"center center","background-size":"auto","background-attachment":"scroll","background-type":"","background-media":"","overlay-type":"","overlay-color":"","overlay-opacity":"","overlay-gradient":""},"mobile":{"background-color":"var(--ast-global-color-5)","background-image":"","background-repeat":"repeat","background-position":"center center","background-size":"auto","background-attachment":"scroll","background-type":"","background-media":"","overlay-type":"","overlay-color":"","overlay-opacity":"","overlay-gradient":""}}},"product_cat":[58,44],"product_tag":[76],"class_list":{"0":"post-5666","1":"product","2":"type-product","3":"status-publish","5":"product_cat-ediciones-limitadas","6":"product_cat-gusto-8","7":"product_tag-gusto-8","8":"pa_estils-sours-es","9":"pa_estils-colaboraciones","10":"pa_format-lata-33cl","11":"pa_graduacio-alcoholica-6-vol-es","12":"desktop-align-left","13":"tablet-align-left","14":"mobile-align-left","16":"first","17":"outofstock","18":"featured","19":"taxable","20":"shipping-taxable","21":"purchasable","22":"product-type-simple"},"acf":[],"_links":{"self":[{"href":"https:\/\/www.cervesaguineu.com\/es\/wp-json\/wp\/v2\/product\/5666","targetHints":{"allow":["GET"]}}],"collection":[{"href":"https:\/\/www.cervesaguineu.com\/es\/wp-json\/wp\/v2\/product"}],"about":[{"href":"https:\/\/www.cervesaguineu.com\/es\/wp-json\/wp\/v2\/types\/product"}],"wp:attachment":[{"href":"https:\/\/www.cervesaguineu.com\/es\/wp-json\/wp\/v2\/media?parent=5666"}],"wp:term":[{"taxonomy":"product_cat","embeddable":true,"href":"https:\/\/www.cervesaguineu.com\/es\/wp-json\/wp\/v2\/product_cat?post=5666"},{"taxonomy":"product_tag","embeddable":true,"href":"https:\/\/www.cervesaguineu.com\/es\/wp-json\/wp\/v2\/product_tag?post=5666"}],"curies":[{"name":"wp","href":"https:\/\/api.w.org\/{rel}","templated":true}]}}