{"id":4763,"date":"2022-09-16T13:00:30","date_gmt":"2022-09-12T12:18:31","guid":{"rendered":"https:\/\/www.cervesaguineu.com\/?post_type=product&#038;p=4763"},"modified":"2022-11-24T17:41:27","modified_gmt":"2022-11-24T16:41:27","slug":"beer-calendar-2022","status":"publish","type":"product","link":"https:\/\/www.cervesaguineu.com\/es\/cerveza\/beer-calendar-2022\/","title":{"rendered":"Beer Calendar 2022"},"content":{"rendered":"<p>Junto a 13 cerveceras de diferentes puntos del territorio, te ofrecemos un recorrido por 24 estilos y subestilos, para que disfrutes la mejor experiencia nunca vista en la cultura cervecera local<\/p>\n<p>IMPORTANTE!!! Podr\u00e1s disfrutar de 10 cervezas elaboradas EXCLUSIVAMENTE por el calendario 2022<\/p>\n<p>|| NUEVA ESTRUCTURA INTERNA: Un embalaje resistente para proteger las cervezas. || Env\u00edo GRATUITO<\/p>\n<p>Te interesa un pedido de m\u00e1s volumen para regalar, a tu oficina, a un acontecimiento, con un grupo de amigos y amigas&#8230;? Te podemos ofrecer descuentos personalizados en funci\u00f3n del volumen solicitado. Env\u00eda un correo electr\u00f3nico a pol.vilana@cervesaguineu.com !<\/p>\n<p>Libraremos tu Calendario de Adviento a partir del 14\/11\/2022<\/p>\n","protected":false},"excerpt":{"rendered":"<p>Junto a 13 cerveceras de diferentes puntos del territorio, te ofrecemos un recorrido por 24 estilos y subestilos, para que disfrutes la mejor experiencia nunca vista en la cultura cervecera local<\/p>\n<p>Y, \u00bfpor qu\u00e9 es tan especial este Calendario de Adviento? Aparte de que est\u00e1 creado con mucho amor por 13 cerveceras locales, claro:<\/p>\n<p>? 24 cervezas artesanas totalmente diferentes.<\/p>\n<p>? 24 estilos y sub estilos diferentes.<\/p>\n<p>? La diversidad m\u00e1s grande de buenas birres locales, en un \u00fanico lugar.<\/p>\n<p>? 10 cervezas elaboradas con recetas exclusivas para nuestro calendario.<\/p>\n<p>Env\u00edo a partir del 14\/11\/2022 || Env\u00edo INCLUIDO<\/p>\n","protected":false},"featured_media":0,"template":"","meta":{"_acf_changed":false,"inline_featured_image":false,"site-sidebar-layout":"default","site-content-layout":"default","ast-site-content-layout":"","site-content-style":"default","site-sidebar-style":"default","ast-global-header-display":"","ast-banner-title-visibility":"","ast-main-header-display":"","ast-hfb-above-header-display":"","ast-hfb-below-header-display":"","ast-hfb-mobile-header-display":"","site-post-title":"","ast-breadcrumbs-content":"","ast-featured-img":"","footer-sml-layout":"","theme-transparent-header-meta":"disabled","adv-header-id-meta":"","stick-header-meta":"default","header-above-stick-meta":"","header-main-stick-meta":"","header-below-stick-meta":"","astra-migrate-meta-layouts":"default","ast-page-background-enabled":"default","ast-page-background-meta":{"desktop":{"background-color":"","background-image":"","background-repeat":"repeat","background-position":"center center","background-size":"auto","background-attachment":"scroll","background-type":"","background-media":"","overlay-type":"","overlay-color":"","overlay-opacity":"","overlay-gradient":""},"tablet":{"background-color":"","background-image":"","background-repeat":"repeat","background-position":"center center","background-size":"auto","background-attachment":"scroll","background-type":"","background-media":"","overlay-type":"","overlay-color":"","overlay-opacity":"","overlay-gradient":""},"mobile":{"background-color":"","background-image":"","background-repeat":"repeat","background-position":"center center","background-size":"auto","background-attachment":"scroll","background-type":"","background-media":"","overlay-type":"","overlay-color":"","overlay-opacity":"","overlay-gradient":""}},"ast-content-background-meta":{"desktop":{"background-color":"var(--ast-global-color-5)","background-image":"","background-repeat":"repeat","background-position":"center center","background-size":"auto","background-attachment":"scroll","background-type":"","background-media":"","overlay-type":"","overlay-color":"","overlay-opacity":"","overlay-gradient":""},"tablet":{"background-color":"var(--ast-global-color-5)","background-image":"","background-repeat":"repeat","background-position":"center center","background-size":"auto","background-attachment":"scroll","background-type":"","background-media":"","overlay-type":"","overlay-color":"","overlay-opacity":"","overlay-gradient":""},"mobile":{"background-color":"var(--ast-global-color-5)","background-image":"","background-repeat":"repeat","background-position":"center center","background-size":"auto","background-attachment":"scroll","background-type":"","background-media":"","overlay-type":"","overlay-color":"","overlay-opacity":"","overlay-gradient":""}}},"product_cat":[58,82],"product_tag":[],"class_list":{"0":"post-4763","1":"product","2":"type-product","3":"status-publish","5":"product_cat-ediciones-limitadas","6":"product_cat-calendario-de-adviento","7":"product_shipping_class-envio-gratuito-es","8":"desktop-align-left","9":"tablet-align-left","10":"mobile-align-left","12":"first","13":"outofstock","14":"sale","15":"taxable","16":"shipping-taxable","17":"purchasable","18":"product-type-simple"},"acf":[],"_links":{"self":[{"href":"https:\/\/www.cervesaguineu.com\/es\/wp-json\/wp\/v2\/product\/4763","targetHints":{"allow":["GET"]}}],"collection":[{"href":"https:\/\/www.cervesaguineu.com\/es\/wp-json\/wp\/v2\/product"}],"about":[{"href":"https:\/\/www.cervesaguineu.com\/es\/wp-json\/wp\/v2\/types\/product"}],"wp:attachment":[{"href":"https:\/\/www.cervesaguineu.com\/es\/wp-json\/wp\/v2\/media?parent=4763"}],"wp:term":[{"taxonomy":"product_cat","embeddable":true,"href":"https:\/\/www.cervesaguineu.com\/es\/wp-json\/wp\/v2\/product_cat?post=4763"},{"taxonomy":"product_tag","embeddable":true,"href":"https:\/\/www.cervesaguineu.com\/es\/wp-json\/wp\/v2\/product_tag?post=4763"}],"curies":[{"name":"wp","href":"https:\/\/api.w.org\/{rel}","templated":true}]}}