{"id":3912,"date":"2022-03-25T12:21:49","date_gmt":"2022-03-25T11:21:50","guid":{"rendered":"https:\/\/www.cervesaguineu.com\/?post_type=product&#038;p=3912"},"modified":"2022-04-25T11:47:24","modified_gmt":"2022-04-25T09:47:24","slug":"coffee-toffee-imperial-stout","status":"publish","type":"product","link":"https:\/\/www.cervesaguineu.com\/es\/cerveza\/coffee-toffee-imperial-stout\/","title":{"rendered":"Coffee &amp; Toffee [Imperial Stout]"},"content":{"rendered":"","protected":false},"excerpt":{"rendered":"<p>En colaboraci\u00f3n con Attik Brewing<\/p>\n<p><a href=\"https:\/\/www.attikbrewing.com\/\"><img decoding=\"async\" class=\"alignnone size-medium wp-image-603\" src=\"https:\/\/www.cervesaguineu.com\/wp-content\/uploads\/2021\/07\/attik-brewing-300x76.png\" alt=\"Attik Brewing\" width=\"300\" height=\"76\" srcset=\"https:\/\/www.cervesaguineu.com\/wp-content\/uploads\/2021\/07\/attik-brewing-300x76.png 300w, https:\/\/www.cervesaguineu.com\/wp-content\/uploads\/2021\/07\/attik-brewing-768x194.png 768w, https:\/\/www.cervesaguineu.com\/wp-content\/uploads\/2021\/07\/attik-brewing-800x202.png 800w, https:\/\/www.cervesaguineu.com\/wp-content\/uploads\/2021\/07\/attik-brewing.png 916w\" sizes=\"(max-width: 300px) 100vw, 300px\" \/><\/a><\/p>\n<h5>Pero qu\u00e9 \u00e9s una cervesa Imperial Stout?<\/h5>\n<p>La Stout es una cerveza muy tostada y de ah\u00ed su color casi negro, espuma densa, toques de caf\u00e9 y cacao, y un final amargo aportado por las maltas. Contiene alta graduaci\u00f3n, normalmente entre 6% y 12% aunque las hay m\u00e1s ligeras. Pertenece a la familia de las Ale (alta fermentaci\u00f3n).<\/p>\n<p>Su origen lo encontramos en el siglo XVIII en Inglaterra, que es cuando naci\u00f3 la cerveza porter; una cerveza negra m\u00e1s potente que las existentes en la \u00e9poca. El nombre de porter viene de los cargadores del puerto; y la idea de la receta proviene de un cantinero que mezcl\u00f3 varios tipos de cerveza. Fue posteriormente cuando varias cerveceras a\u00f1adieron m\u00e1s ingredientes, que esta deriv\u00f3 en una stout. Por lo tanto, podemos decir que una stout es una versi\u00f3n m\u00e1s fuerte de una porter.<br \/>\nLa palabra Imperial nos indica que se trata de una cerveza con mayor graduaci\u00f3n, as\u00ed como una mayor concentraci\u00f3n de malta y \/ o l\u00fapulo.<\/p>\n<p>Y en cuanto a Pastry, significa que incluye ingredientes a la receta que le aportan dulzor. Las Pastry suelen tener alta graduaci\u00f3n, con un paso por boca espeso y aterciopelado. Si nos ponemos creativos podemos obtener cervezas de muchos sabores dulces.<\/p>\n","protected":false},"featured_media":0,"template":"","meta":{"_acf_changed":false,"inline_featured_image":false,"site-sidebar-layout":"default","site-content-layout":"default","ast-site-content-layout":"","site-content-style":"default","site-sidebar-style":"default","ast-global-header-display":"","ast-banner-title-visibility":"","ast-main-header-display":"","ast-hfb-above-header-display":"","ast-hfb-below-header-display":"","ast-hfb-mobile-header-display":"","site-post-title":"","ast-breadcrumbs-content":"","ast-featured-img":"","footer-sml-layout":"","theme-transparent-header-meta":"disabled","adv-header-id-meta":"","stick-header-meta":"default","header-above-stick-meta":"","header-main-stick-meta":"","header-below-stick-meta":"","astra-migrate-meta-layouts":"default","ast-page-background-enabled":"default","ast-page-background-meta":{"desktop":{"background-color":"","background-image":"","background-repeat":"repeat","background-position":"center center","background-size":"auto","background-attachment":"scroll","background-type":"","background-media":"","overlay-type":"","overlay-color":"","overlay-opacity":"","overlay-gradient":""},"tablet":{"background-color":"","background-image":"","background-repeat":"repeat","background-position":"center center","background-size":"auto","background-attachment":"scroll","background-type":"","background-media":"","overlay-type":"","overlay-color":"","overlay-opacity":"","overlay-gradient":""},"mobile":{"background-color":"","background-image":"","background-repeat":"repeat","background-position":"center center","background-size":"auto","background-attachment":"scroll","background-type":"","background-media":"","overlay-type":"","overlay-color":"","overlay-opacity":"","overlay-gradient":""}},"ast-content-background-meta":{"desktop":{"background-color":"var(--ast-global-color-5)","background-image":"","background-repeat":"repeat","background-position":"center center","background-size":"auto","background-attachment":"scroll","background-type":"","background-media":"","overlay-type":"","overlay-color":"","overlay-opacity":"","overlay-gradient":""},"tablet":{"background-color":"var(--ast-global-color-5)","background-image":"","background-repeat":"repeat","background-position":"center center","background-size":"auto","background-attachment":"scroll","background-type":"","background-media":"","overlay-type":"","overlay-color":"","overlay-opacity":"","overlay-gradient":""},"mobile":{"background-color":"var(--ast-global-color-5)","background-image":"","background-repeat":"repeat","background-position":"center center","background-size":"auto","background-attachment":"scroll","background-type":"","background-media":"","overlay-type":"","overlay-color":"","overlay-opacity":"","overlay-gradient":""}}},"product_cat":[58],"product_tag":[76],"class_list":{"0":"post-3912","1":"product","2":"type-product","3":"status-publish","5":"product_cat-ediciones-limitadas","6":"product_tag-gusto-8","7":"pa_estils-stout-porter-es","8":"pa_estils-colaboraciones","9":"pa_format-lata-44cl-es","10":"pa_graduacio-alcoholica-6-vol-es","11":"desktop-align-left","12":"tablet-align-left","13":"mobile-align-left","15":"first","16":"outofstock","17":"taxable","18":"shipping-taxable","19":"purchasable","20":"product-type-simple"},"acf":[],"_links":{"self":[{"href":"https:\/\/www.cervesaguineu.com\/es\/wp-json\/wp\/v2\/product\/3912","targetHints":{"allow":["GET"]}}],"collection":[{"href":"https:\/\/www.cervesaguineu.com\/es\/wp-json\/wp\/v2\/product"}],"about":[{"href":"https:\/\/www.cervesaguineu.com\/es\/wp-json\/wp\/v2\/types\/product"}],"wp:attachment":[{"href":"https:\/\/www.cervesaguineu.com\/es\/wp-json\/wp\/v2\/media?parent=3912"}],"wp:term":[{"taxonomy":"product_cat","embeddable":true,"href":"https:\/\/www.cervesaguineu.com\/es\/wp-json\/wp\/v2\/product_cat?post=3912"},{"taxonomy":"product_tag","embeddable":true,"href":"https:\/\/www.cervesaguineu.com\/es\/wp-json\/wp\/v2\/product_tag?post=3912"}],"curies":[{"name":"wp","href":"https:\/\/api.w.org\/{rel}","templated":true}]}}