{"id":3542,"date":"2020-09-01T20:25:22","date_gmt":"2022-02-14T19:25:23","guid":{"rendered":"https:\/\/www.cervesaguineu.com\/?post_type=product&#038;p=3542"},"modified":"2022-04-22T11:12:59","modified_gmt":"2022-04-22T09:12:59","slug":"latitud-41-mini-keg-lager-pils","status":"publish","type":"product","link":"https:\/\/www.cervesaguineu.com\/es\/cerveza\/latitud-41-mini-keg-lager-pils\/","title":{"rendered":"Latitud 41 Mini Keg [ Lager Pils ]"},"content":{"rendered":"","protected":false},"excerpt":{"rendered":"<p>Barril autodispensador de 5L enfocado para consumo intensivo de 24h.<\/p>\n<p>Lager suave, fresca, con poco l\u00fapulo que deja el protagonismo a las maltas y a la levadura. Estos, combinados, dan notas de brioche y corteza de pan. El puntito dulce de la malta Carapils, y el puntito c\u00edtrico del l\u00fapulo en aroma hacen de esta lager una cerveza apta para todos los p\u00fablicos.<\/p>\n<h5>\u00bfPero qu\u00e9 es una cerveza estilo lager?<\/h5>\n<p>La cerveza lager se caracteriza por el proceso de fermentaci\u00f3n. \u00c9ste se produce a baja temperatura por un per\u00edodo de tres o m\u00e1s semanas. El nombre proviene de una antigua costumbre de los cerveceros b\u00e1varos, que almacenaban (en alem\u00e1n lagern) la cerveza en subterr\u00e1neos y cuevas. De esta manera se obtiene una cerveza m\u00e1s clara, con m\u00e1s sabor para consumir a menor temperatura que otros tipos de cerveza .<\/p>\n","protected":false},"featured_media":0,"template":"","meta":{"_acf_changed":false,"inline_featured_image":false,"site-sidebar-layout":"default","site-content-layout":"default","ast-site-content-layout":"","site-content-style":"default","site-sidebar-style":"default","ast-global-header-display":"","ast-banner-title-visibility":"","ast-main-header-display":"","ast-hfb-above-header-display":"","ast-hfb-below-header-display":"","ast-hfb-mobile-header-display":"","site-post-title":"","ast-breadcrumbs-content":"","ast-featured-img":"","footer-sml-layout":"","theme-transparent-header-meta":"disabled","adv-header-id-meta":"","stick-header-meta":"default","header-above-stick-meta":"","header-main-stick-meta":"","header-below-stick-meta":"","astra-migrate-meta-layouts":"default","ast-page-background-enabled":"default","ast-page-background-meta":{"desktop":{"background-color":"","background-image":"","background-repeat":"repeat","background-position":"center center","background-size":"auto","background-attachment":"scroll","background-type":"","background-media":"","overlay-type":"","overlay-color":"","overlay-opacity":"","overlay-gradient":""},"tablet":{"background-color":"","background-image":"","background-repeat":"repeat","background-position":"center center","background-size":"auto","background-attachment":"scroll","background-type":"","background-media":"","overlay-type":"","overlay-color":"","overlay-opacity":"","overlay-gradient":""},"mobile":{"background-color":"","background-image":"","background-repeat":"repeat","background-position":"center center","background-size":"auto","background-attachment":"scroll","background-type":"","background-media":"","overlay-type":"","overlay-color":"","overlay-opacity":"","overlay-gradient":""}},"ast-content-background-meta":{"desktop":{"background-color":"var(--ast-global-color-5)","background-image":"","background-repeat":"repeat","background-position":"center center","background-size":"auto","background-attachment":"scroll","background-type":"","background-media":"","overlay-type":"","overlay-color":"","overlay-opacity":"","overlay-gradient":""},"tablet":{"background-color":"var(--ast-global-color-5)","background-image":"","background-repeat":"repeat","background-position":"center center","background-size":"auto","background-attachment":"scroll","background-type":"","background-media":"","overlay-type":"","overlay-color":"","overlay-opacity":"","overlay-gradient":""},"mobile":{"background-color":"var(--ast-global-color-5)","background-image":"","background-repeat":"repeat","background-position":"center center","background-size":"auto","background-attachment":"scroll","background-type":"","background-media":"","overlay-type":"","overlay-color":"","overlay-opacity":"","overlay-gradient":""}}},"product_cat":[57,45],"product_tag":[71],"class_list":{"0":"post-3542","1":"product","2":"type-product","3":"status-publish","5":"product_cat-gusto-1","6":"product_cat-las-de-siempre","7":"product_tag-gusto-1","8":"product_shipping_class-envio-gratuito-es","9":"pa_estils-lager-pilsner-es","10":"pa_estils-sin-gluten","11":"pa_format-mini-keg-es","12":"pa_graduacio-alcoholica-7-vol-es","13":"desktop-align-left","14":"tablet-align-left","15":"mobile-align-left","17":"first","18":"outofstock","19":"taxable","20":"shipping-taxable","21":"purchasable","22":"product-type-simple"},"acf":[],"_links":{"self":[{"href":"https:\/\/www.cervesaguineu.com\/es\/wp-json\/wp\/v2\/product\/3542","targetHints":{"allow":["GET"]}}],"collection":[{"href":"https:\/\/www.cervesaguineu.com\/es\/wp-json\/wp\/v2\/product"}],"about":[{"href":"https:\/\/www.cervesaguineu.com\/es\/wp-json\/wp\/v2\/types\/product"}],"wp:attachment":[{"href":"https:\/\/www.cervesaguineu.com\/es\/wp-json\/wp\/v2\/media?parent=3542"}],"wp:term":[{"taxonomy":"product_cat","embeddable":true,"href":"https:\/\/www.cervesaguineu.com\/es\/wp-json\/wp\/v2\/product_cat?post=3542"},{"taxonomy":"product_tag","embeddable":true,"href":"https:\/\/www.cervesaguineu.com\/es\/wp-json\/wp\/v2\/product_tag?post=3542"}],"curies":[{"name":"wp","href":"https:\/\/api.w.org\/{rel}","templated":true}]}}