{"id":1939,"date":"2021-08-05T18:21:58","date_gmt":"2021-08-05T16:21:59","guid":{"rendered":"https:\/\/www.cervesaguineu.com\/?post_type=product&#038;p=1939"},"modified":"2021-08-12T11:35:36","modified_gmt":"2021-08-12T09:35:36","slug":"what-about-the-2nd-breakfast","status":"publish","type":"product","link":"https:\/\/www.cervesaguineu.com\/es\/cerveza\/what-about-the-2nd-breakfast\/","title":{"rendered":"What about the 2nd breakfast"},"content":{"rendered":"","protected":false},"excerpt":{"rendered":"<p>De aspecto turbio y color p\u00e1lido, en aroma encontramos notas afrutadas y c\u00edtricas, de los l\u00fapulos experimentales utilizados. En boca, podemos disfrutar de un trago sedoso y ligero, con un alcohol muy bien integrado. En boca, podemos disfrutar de un trago sedoso y ligero, con un alcohol muy bien integrado.<\/p>\n<h5>\u00bfPero qu\u00e9 es una cerveza Doble NEIPA?<\/h5>\n<p>La IPA es una cerveza de tradici\u00f3n inglesa, rubia (Pale) y espumosa que se obtiene mediante alta fermentaci\u00f3n (Ale). Su nombre lo encontramos en su origen como cerveza creada por los ingleses para adaptarse durante su expansi\u00f3n comercial hacia la India. Para que la cerveza llegara en buenas condiciones despu\u00e9s de un largo viaje, le aportaron m\u00e1s l\u00fapulo, que act\u00faa como conservante natural. Esto hizo que al mismo tiempo incrementara el grado de amargor. La influencia india se percibe por ser una variedad arom\u00e1tica, floral y especiada.<\/p>\n<p>EEUU ha creado sus versiones de IPA m\u00e1s afrutadas a partir del original brit\u00e1nica; de modo que tenemos estilos tales como la American IPA, la West Coast IPA y la New England IPA (NEIPA). La NEIPA tiene su origen en la costa este y se caracteriza por ser una Hazy IPA; es decir una IPA turbia por el a\u00f1adido de trigo y avena. Las NEIPA tienen un aspecto de zumo, muy poco gas, con tono amarillo-anaranjado y con muy poco grado de amargor.<\/p>\n<p>La NEIPA atrapa a un p\u00fablico que disfruta del sabor afrutado y c\u00edtrico del l\u00fapulo pero que no es tanto amante del amargor.<\/p>\n<p>La palabra Doble o Imperial indica que hay m\u00e1s cantidad de l\u00fapulos que en este caso potencian el sabor afrutado y c\u00edtrico.<\/p>\n","protected":false},"featured_media":2104,"template":"","meta":{"_acf_changed":false,"inline_featured_image":false,"site-sidebar-layout":"default","site-content-layout":"default","ast-site-content-layout":"","site-content-style":"default","site-sidebar-style":"default","ast-global-header-display":"","ast-banner-title-visibility":"","ast-main-header-display":"","ast-hfb-above-header-display":"","ast-hfb-below-header-display":"","ast-hfb-mobile-header-display":"","site-post-title":"","ast-breadcrumbs-content":"","ast-featured-img":"","footer-sml-layout":"","theme-transparent-header-meta":"disabled","adv-header-id-meta":"","stick-header-meta":"default","header-above-stick-meta":"","header-main-stick-meta":"","header-below-stick-meta":"","astra-migrate-meta-layouts":"default","ast-page-background-enabled":"default","ast-page-background-meta":{"desktop":{"background-color":"","background-image":"","background-repeat":"repeat","background-position":"center center","background-size":"auto","background-attachment":"scroll","background-type":"","background-media":"","overlay-type":"","overlay-color":"","overlay-opacity":"","overlay-gradient":""},"tablet":{"background-color":"","background-image":"","background-repeat":"repeat","background-position":"center center","background-size":"auto","background-attachment":"scroll","background-type":"","background-media":"","overlay-type":"","overlay-color":"","overlay-opacity":"","overlay-gradient":""},"mobile":{"background-color":"","background-image":"","background-repeat":"repeat","background-position":"center center","background-size":"auto","background-attachment":"scroll","background-type":"","background-media":"","overlay-type":"","overlay-color":"","overlay-opacity":"","overlay-gradient":""}},"ast-content-background-meta":{"desktop":{"background-color":"var(--ast-global-color-5)","background-image":"","background-repeat":"repeat","background-position":"center center","background-size":"auto","background-attachment":"scroll","background-type":"","background-media":"","overlay-type":"","overlay-color":"","overlay-opacity":"","overlay-gradient":""},"tablet":{"background-color":"var(--ast-global-color-5)","background-image":"","background-repeat":"repeat","background-position":"center center","background-size":"auto","background-attachment":"scroll","background-type":"","background-media":"","overlay-type":"","overlay-color":"","overlay-opacity":"","overlay-gradient":""},"mobile":{"background-color":"var(--ast-global-color-5)","background-image":"","background-repeat":"repeat","background-position":"center center","background-size":"auto","background-attachment":"scroll","background-type":"","background-media":"","overlay-type":"","overlay-color":"","overlay-opacity":"","overlay-gradient":""}}},"product_cat":[58,59],"product_tag":[75],"class_list":{"0":"post-1939","1":"product","2":"type-product","3":"status-publish","4":"has-post-thumbnail","6":"product_cat-ediciones-limitadas","7":"product_cat-gusto-7","8":"product_tag-gusto-7","9":"desktop-align-left","10":"tablet-align-left","11":"mobile-align-left","13":"first","14":"outofstock","15":"taxable","16":"shipping-taxable","17":"product-type-simple"},"acf":[],"_links":{"self":[{"href":"https:\/\/www.cervesaguineu.com\/es\/wp-json\/wp\/v2\/product\/1939","targetHints":{"allow":["GET"]}}],"collection":[{"href":"https:\/\/www.cervesaguineu.com\/es\/wp-json\/wp\/v2\/product"}],"about":[{"href":"https:\/\/www.cervesaguineu.com\/es\/wp-json\/wp\/v2\/types\/product"}],"wp:featuredmedia":[{"embeddable":true,"href":"https:\/\/www.cervesaguineu.com\/es\/wp-json\/wp\/v2\/media\/2104"}],"wp:attachment":[{"href":"https:\/\/www.cervesaguineu.com\/es\/wp-json\/wp\/v2\/media?parent=1939"}],"wp:term":[{"taxonomy":"product_cat","embeddable":true,"href":"https:\/\/www.cervesaguineu.com\/es\/wp-json\/wp\/v2\/product_cat?post=1939"},{"taxonomy":"product_tag","embeddable":true,"href":"https:\/\/www.cervesaguineu.com\/es\/wp-json\/wp\/v2\/product_tag?post=1939"}],"curies":[{"name":"wp","href":"https:\/\/api.w.org\/{rel}","templated":true}]}}