{"id":1937,"date":"2021-08-05T18:13:16","date_gmt":"2021-08-05T16:13:16","guid":{"rendered":"https:\/\/www.cervesaguineu.com\/?post_type=product&#038;p=1937"},"modified":"2021-08-26T09:12:02","modified_gmt":"2021-08-26T07:12:02","slug":"castells","status":"publish","type":"product","link":"https:\/\/www.cervesaguineu.com\/es\/cerveza\/castells\/","title":{"rendered":"Castells"},"content":{"rendered":"","protected":false},"excerpt":{"rendered":"<p>Cerveza con mucho cuerpo y sabor potente, pero que ofrece un \u00abtrago de terciopelo\u00bb que le da mucha bevibilitat. En ella destacan las vainas de vainilla de Madagascar, y el tostado del cacao y del caf\u00e9. Adem\u00e1s, en esta edici\u00f3n, le hemos a\u00f1adido un Cold Brew de caf\u00e9 tostado a mano, gracias a la colaboraci\u00f3n con los organizadores del campeonato Aeropress de caf\u00e9 tostado a mano de Espa\u00f1a.<\/p>\n<h5>\u00bfPero qu\u00e9 es una cerveza Coffee Stout?<\/h5>\n<p>La Stout es una cerveza muy tostada y de ah\u00ed su color casi negro, espuma densa, toques de caf\u00e9 y cacao, y un final amargo aportado por las maltas. Contiene alta graduaci\u00f3n, normalmente entre 6% y 12% aunque las hay m\u00e1s ligeras. Pertenece a la familia de las Ale (alta fermentaci\u00f3n).<\/p>\n<p>Su origen lo encontramos en el siglo XVIII en Inglaterra, que es cuando naci\u00f3 la cerveza porter; una cerveza negra m\u00e1s potente que las existentes en la \u00e9poca. El nombre de porter viene de los cargadores del puerto; y la idea de la receta proviene de un cantinero que mezcl\u00f3 varios tipos de cerveza. Fue posteriormente cuando varias cerveceras a\u00f1adieron m\u00e1s ingredientes, que esta deriv\u00f3 en una stout. Por lo tanto, podemos decir que una stout es una versi\u00f3n m\u00e1s fuerte de una porter.<\/p>\n<p>Castells es una Coffee stout porque le hemos a\u00f1adido cold brew de caf\u00e9. Se trata de caf\u00e9 preparado con agua fr\u00eda en vez de agua hirviendo. Esto implica un tiempo de elaboraci\u00f3n mayor porque dejamos el caf\u00e9 en reposo en agua fr\u00eda durante varias horas.<\/p>\n","protected":false},"featured_media":2102,"template":"","meta":{"_acf_changed":false,"inline_featured_image":false,"site-sidebar-layout":"default","site-content-layout":"default","ast-site-content-layout":"","site-content-style":"default","site-sidebar-style":"default","ast-global-header-display":"","ast-banner-title-visibility":"","ast-main-header-display":"","ast-hfb-above-header-display":"","ast-hfb-below-header-display":"","ast-hfb-mobile-header-display":"","site-post-title":"","ast-breadcrumbs-content":"","ast-featured-img":"","footer-sml-layout":"","theme-transparent-header-meta":"disabled","adv-header-id-meta":"","stick-header-meta":"default","header-above-stick-meta":"","header-main-stick-meta":"","header-below-stick-meta":"","astra-migrate-meta-layouts":"default","ast-page-background-enabled":"default","ast-page-background-meta":{"desktop":{"background-color":"","background-image":"","background-repeat":"repeat","background-position":"center center","background-size":"auto","background-attachment":"scroll","background-type":"","background-media":"","overlay-type":"","overlay-color":"","overlay-opacity":"","overlay-gradient":""},"tablet":{"background-color":"","background-image":"","background-repeat":"repeat","background-position":"center center","background-size":"auto","background-attachment":"scroll","background-type":"","background-media":"","overlay-type":"","overlay-color":"","overlay-opacity":"","overlay-gradient":""},"mobile":{"background-color":"","background-image":"","background-repeat":"repeat","background-position":"center center","background-size":"auto","background-attachment":"scroll","background-type":"","background-media":"","overlay-type":"","overlay-color":"","overlay-opacity":"","overlay-gradient":""}},"ast-content-background-meta":{"desktop":{"background-color":"var(--ast-global-color-5)","background-image":"","background-repeat":"repeat","background-position":"center center","background-size":"auto","background-attachment":"scroll","background-type":"","background-media":"","overlay-type":"","overlay-color":"","overlay-opacity":"","overlay-gradient":""},"tablet":{"background-color":"var(--ast-global-color-5)","background-image":"","background-repeat":"repeat","background-position":"center center","background-size":"auto","background-attachment":"scroll","background-type":"","background-media":"","overlay-type":"","overlay-color":"","overlay-opacity":"","overlay-gradient":""},"mobile":{"background-color":"var(--ast-global-color-5)","background-image":"","background-repeat":"repeat","background-position":"center center","background-size":"auto","background-attachment":"scroll","background-type":"","background-media":"","overlay-type":"","overlay-color":"","overlay-opacity":"","overlay-gradient":""}}},"product_cat":[58,44],"product_tag":[76],"class_list":{"0":"post-1937","1":"product","2":"type-product","3":"status-publish","4":"has-post-thumbnail","6":"product_cat-ediciones-limitadas","7":"product_cat-gusto-8","8":"product_tag-gusto-8","9":"desktop-align-left","10":"tablet-align-left","11":"mobile-align-left","13":"first","14":"outofstock","15":"taxable","16":"shipping-taxable","17":"purchasable","18":"product-type-simple"},"acf":[],"_links":{"self":[{"href":"https:\/\/www.cervesaguineu.com\/es\/wp-json\/wp\/v2\/product\/1937","targetHints":{"allow":["GET"]}}],"collection":[{"href":"https:\/\/www.cervesaguineu.com\/es\/wp-json\/wp\/v2\/product"}],"about":[{"href":"https:\/\/www.cervesaguineu.com\/es\/wp-json\/wp\/v2\/types\/product"}],"wp:featuredmedia":[{"embeddable":true,"href":"https:\/\/www.cervesaguineu.com\/es\/wp-json\/wp\/v2\/media\/2102"}],"wp:attachment":[{"href":"https:\/\/www.cervesaguineu.com\/es\/wp-json\/wp\/v2\/media?parent=1937"}],"wp:term":[{"taxonomy":"product_cat","embeddable":true,"href":"https:\/\/www.cervesaguineu.com\/es\/wp-json\/wp\/v2\/product_cat?post=1937"},{"taxonomy":"product_tag","embeddable":true,"href":"https:\/\/www.cervesaguineu.com\/es\/wp-json\/wp\/v2\/product_tag?post=1937"}],"curies":[{"name":"wp","href":"https:\/\/api.w.org\/{rel}","templated":true}]}}