{"id":1900,"date":"2021-08-05T17:49:25","date_gmt":"2021-08-05T15:49:26","guid":{"rendered":"https:\/\/www.cervesaguineu.com\/?post_type=product&#038;p=1900"},"modified":"2021-08-12T11:35:29","modified_gmt":"2021-08-12T09:35:29","slug":"spontanea-i","status":"publish","type":"product","link":"https:\/\/www.cervesaguineu.com\/es\/cerveza\/spontanea-i\/","title":{"rendered":"Spontanea I"},"content":{"rendered":"","protected":false},"excerpt":{"rendered":"<h5>Colaboraci\u00f3n con la cervecer\u00eda italiana Zapap<\/h5>\n<p>Esta cerveza forma parte de uno de nuestros proyectos m\u00e1s interesantes y exclusivos. Concretamente, se trata de una cerveza de fermentaci\u00f3n espont\u00e1nea, producida en nuestra bodega. Tras varios meses de fermentaci\u00f3n en barrica y de envejecimiento de la misma cerveza, pensamos que el resultado final es una joya digna para ser catada.<\/p>\n<p><a href=\"https:\/\/www.zapap.it\/\" target=\"_blank\" rel=\"noopener sponsored\"><img decoding=\"async\" class=\"alignnone size-thumbnail wp-image-1912\" src=\"https:\/\/www.cervesaguineu.com\/wp-content\/uploads\/2021\/08\/zapap-150x150.png\" alt=\"\" width=\"150\" height=\"150\" srcset=\"https:\/\/www.cervesaguineu.com\/wp-content\/uploads\/2021\/08\/zapap-150x150.png 150w, https:\/\/www.cervesaguineu.com\/wp-content\/uploads\/2021\/08\/zapap-300x300.png 300w, https:\/\/www.cervesaguineu.com\/wp-content\/uploads\/2021\/08\/zapap-100x100.png 100w, https:\/\/www.cervesaguineu.com\/wp-content\/uploads\/2021\/08\/zapap.png 320w\" sizes=\"(max-width: 150px) 100vw, 150px\" \/><\/a><\/p>\n<h5>\u00bfPero qu\u00e9 es una spontaneous sour ale?<\/h5>\n<p>Una Ale, es una cerveza de alta fermentaci\u00f3n. Esto quiere decir que este proceso tiene lugar en la parte de arriba del tanque. Esto hace que deposite menos sobrante y por tanto que tenga un aspecto m\u00e1s turbio. Las levaduras Ale trabajan con temperaturas m\u00e1s suaves dando como resultado sabores m\u00e1s afrutados y especiados.<\/p>\n<p>Para obtener una cerveza sour utilizamos levaduras salvajes de fermentaci\u00f3n espont\u00e1nea (spontaneous). Las sour se caracterizan por ser agrias y \u00e1cidas.<\/p>\n<p>Se dice que las sour son el estilo a partir del cual naci\u00f3 la cerveza, A mediados del s.X IX, (antes de que el Sr. Pasteur creara el m\u00e9todo de pasteurizar), la cerveza se \u00abinfectaba\u00bb de bacterias naturales que le aportaban el sabor agrio y \u00e1cido.<\/p>\n<p>Posteriormente, y todav\u00eda en la actualidad, forzamos esta presencia de bacterias salvajes para conseguir este estilo.<\/p>\n<p>Como an\u00e9cdota te contamos que, al principio de la post-pasteurizaci\u00f3n, cuando algunas cerveceras creaban este estilo, muchos clientes devolv\u00edan las botellas porque pensaban que estaban en mal estado por su gusto agrio y \u00e1cido.<\/p>\n","protected":false},"featured_media":1943,"template":"","meta":{"_acf_changed":false,"inline_featured_image":false,"site-sidebar-layout":"default","site-content-layout":"default","ast-site-content-layout":"","site-content-style":"default","site-sidebar-style":"default","ast-global-header-display":"","ast-banner-title-visibility":"","ast-main-header-display":"","ast-hfb-above-header-display":"","ast-hfb-below-header-display":"","ast-hfb-mobile-header-display":"","site-post-title":"","ast-breadcrumbs-content":"","ast-featured-img":"","footer-sml-layout":"","theme-transparent-header-meta":"disabled","adv-header-id-meta":"","stick-header-meta":"default","header-above-stick-meta":"","header-main-stick-meta":"","header-below-stick-meta":"","astra-migrate-meta-layouts":"default","ast-page-background-enabled":"default","ast-page-background-meta":{"desktop":{"background-color":"","background-image":"","background-repeat":"repeat","background-position":"center center","background-size":"auto","background-attachment":"scroll","background-type":"","background-media":"","overlay-type":"","overlay-color":"","overlay-opacity":"","overlay-gradient":""},"tablet":{"background-color":"","background-image":"","background-repeat":"repeat","background-position":"center center","background-size":"auto","background-attachment":"scroll","background-type":"","background-media":"","overlay-type":"","overlay-color":"","overlay-opacity":"","overlay-gradient":""},"mobile":{"background-color":"","background-image":"","background-repeat":"repeat","background-position":"center center","background-size":"auto","background-attachment":"scroll","background-type":"","background-media":"","overlay-type":"","overlay-color":"","overlay-opacity":"","overlay-gradient":""}},"ast-content-background-meta":{"desktop":{"background-color":"var(--ast-global-color-5)","background-image":"","background-repeat":"repeat","background-position":"center center","background-size":"auto","background-attachment":"scroll","background-type":"","background-media":"","overlay-type":"","overlay-color":"","overlay-opacity":"","overlay-gradient":""},"tablet":{"background-color":"var(--ast-global-color-5)","background-image":"","background-repeat":"repeat","background-position":"center center","background-size":"auto","background-attachment":"scroll","background-type":"","background-media":"","overlay-type":"","overlay-color":"","overlay-opacity":"","overlay-gradient":""},"mobile":{"background-color":"var(--ast-global-color-5)","background-image":"","background-repeat":"repeat","background-position":"center center","background-size":"auto","background-attachment":"scroll","background-type":"","background-media":"","overlay-type":"","overlay-color":"","overlay-opacity":"","overlay-gradient":""}}},"product_cat":[58,44],"product_tag":[76],"class_list":{"0":"post-1900","1":"product","2":"type-product","3":"status-publish","4":"has-post-thumbnail","6":"product_cat-ediciones-limitadas","7":"product_cat-gusto-8","8":"product_tag-gusto-8","9":"desktop-align-left","10":"tablet-align-left","11":"mobile-align-left","13":"first","14":"outofstock","15":"taxable","16":"shipping-taxable","17":"purchasable","18":"product-type-simple"},"acf":[],"_links":{"self":[{"href":"https:\/\/www.cervesaguineu.com\/es\/wp-json\/wp\/v2\/product\/1900","targetHints":{"allow":["GET"]}}],"collection":[{"href":"https:\/\/www.cervesaguineu.com\/es\/wp-json\/wp\/v2\/product"}],"about":[{"href":"https:\/\/www.cervesaguineu.com\/es\/wp-json\/wp\/v2\/types\/product"}],"wp:featuredmedia":[{"embeddable":true,"href":"https:\/\/www.cervesaguineu.com\/es\/wp-json\/wp\/v2\/media\/1943"}],"wp:attachment":[{"href":"https:\/\/www.cervesaguineu.com\/es\/wp-json\/wp\/v2\/media?parent=1900"}],"wp:term":[{"taxonomy":"product_cat","embeddable":true,"href":"https:\/\/www.cervesaguineu.com\/es\/wp-json\/wp\/v2\/product_cat?post=1900"},{"taxonomy":"product_tag","embeddable":true,"href":"https:\/\/www.cervesaguineu.com\/es\/wp-json\/wp\/v2\/product_tag?post=1900"}],"curies":[{"name":"wp","href":"https:\/\/api.w.org\/{rel}","templated":true}]}}