{"id":1784,"date":"2021-08-05T16:58:00","date_gmt":"2021-08-05T14:58:01","guid":{"rendered":"https:\/\/www.cervesaguineu.com\/?post_type=product&#038;p=1784"},"modified":"2021-08-12T11:37:05","modified_gmt":"2021-08-12T09:37:05","slug":"deep-galaxy","status":"publish","type":"product","link":"https:\/\/www.cervesaguineu.com\/es\/cerveza\/deep-galaxy\/","title":{"rendered":"Deep Galaxy"},"content":{"rendered":"","protected":false},"excerpt":{"rendered":"<p>La IPA es una cerveza de tradici\u00f3n inglesa, rubia (Pale) y espumosa que se obtiene mediante alta fermentaci\u00f3n (Ale).<\/p>\n<h5>\u00bfPero qu\u00e9 es una cerveza Doble IPA?<\/h5>\n<p>La IPA es una cerveza de tradici\u00f3n inglesa, rubia (Pale) y espumosa que se obtiene mediante alta fermentaci\u00f3n (Ale). Su nombre lo encontramos en su origen como cerveza creada por los ingleses para adaptarse durante su expansi\u00f3n comercial hacia la India. Para que la cerveza llegara en buenas condiciones despu\u00e9s de un largo viaje, le aportaron m\u00e1s l\u00fapulo, que act\u00faa como conservante natural. Esto hizo que al mismo tiempo incrementara el grado de amargor. La influencia india se percibe por ser una variedad arom\u00e1tica, floral y especiada.<\/p>\n<p>La Doble IPA (DIPA) tiene sus or\u00edgenes en 1992 en EEUU, y m\u00e1s concretamente en una cervecer\u00eda artesanal de California. Es el resultado de la b\u00fasqueda constante de los americanos para satisfacer el paladar de los amantes del l\u00fapulo. La palabra Doble o Imperial nos indica que hay m\u00e1s presencia de l\u00fapulo, y en consecuencia que se trata de una versi\u00f3n m\u00e1s intensa de IPA (con m\u00e1s de 60 IBU). Las Doble IPA suelen tener gustos afrutados, florales y c\u00edtricos.<\/p>\n","protected":false},"featured_media":1836,"template":"","meta":{"_acf_changed":false,"inline_featured_image":false,"site-sidebar-layout":"default","site-content-layout":"default","ast-site-content-layout":"","site-content-style":"default","site-sidebar-style":"default","ast-global-header-display":"","ast-banner-title-visibility":"","ast-main-header-display":"","ast-hfb-above-header-display":"","ast-hfb-below-header-display":"","ast-hfb-mobile-header-display":"","site-post-title":"","ast-breadcrumbs-content":"","ast-featured-img":"","footer-sml-layout":"","theme-transparent-header-meta":"disabled","adv-header-id-meta":"","stick-header-meta":"default","header-above-stick-meta":"","header-main-stick-meta":"","header-below-stick-meta":"","astra-migrate-meta-layouts":"default","ast-page-background-enabled":"default","ast-page-background-meta":{"desktop":{"background-color":"","background-image":"","background-repeat":"repeat","background-position":"center center","background-size":"auto","background-attachment":"scroll","background-type":"","background-media":"","overlay-type":"","overlay-color":"","overlay-opacity":"","overlay-gradient":""},"tablet":{"background-color":"","background-image":"","background-repeat":"repeat","background-position":"center center","background-size":"auto","background-attachment":"scroll","background-type":"","background-media":"","overlay-type":"","overlay-color":"","overlay-opacity":"","overlay-gradient":""},"mobile":{"background-color":"","background-image":"","background-repeat":"repeat","background-position":"center center","background-size":"auto","background-attachment":"scroll","background-type":"","background-media":"","overlay-type":"","overlay-color":"","overlay-opacity":"","overlay-gradient":""}},"ast-content-background-meta":{"desktop":{"background-color":"var(--ast-global-color-5)","background-image":"","background-repeat":"repeat","background-position":"center center","background-size":"auto","background-attachment":"scroll","background-type":"","background-media":"","overlay-type":"","overlay-color":"","overlay-opacity":"","overlay-gradient":""},"tablet":{"background-color":"var(--ast-global-color-5)","background-image":"","background-repeat":"repeat","background-position":"center center","background-size":"auto","background-attachment":"scroll","background-type":"","background-media":"","overlay-type":"","overlay-color":"","overlay-opacity":"","overlay-gradient":""},"mobile":{"background-color":"var(--ast-global-color-5)","background-image":"","background-repeat":"repeat","background-position":"center center","background-size":"auto","background-attachment":"scroll","background-type":"","background-media":"","overlay-type":"","overlay-color":"","overlay-opacity":"","overlay-gradient":""}}},"product_cat":[58,59],"product_tag":[75],"class_list":{"0":"post-1784","1":"product","2":"type-product","3":"status-publish","4":"has-post-thumbnail","6":"product_cat-ediciones-limitadas","7":"product_cat-gusto-7","8":"product_tag-gusto-7","9":"desktop-align-left","10":"tablet-align-left","11":"mobile-align-left","13":"first","14":"outofstock","15":"taxable","16":"shipping-taxable","17":"purchasable","18":"product-type-simple"},"acf":[],"_links":{"self":[{"href":"https:\/\/www.cervesaguineu.com\/es\/wp-json\/wp\/v2\/product\/1784","targetHints":{"allow":["GET"]}}],"collection":[{"href":"https:\/\/www.cervesaguineu.com\/es\/wp-json\/wp\/v2\/product"}],"about":[{"href":"https:\/\/www.cervesaguineu.com\/es\/wp-json\/wp\/v2\/types\/product"}],"wp:featuredmedia":[{"embeddable":true,"href":"https:\/\/www.cervesaguineu.com\/es\/wp-json\/wp\/v2\/media\/1836"}],"wp:attachment":[{"href":"https:\/\/www.cervesaguineu.com\/es\/wp-json\/wp\/v2\/media?parent=1784"}],"wp:term":[{"taxonomy":"product_cat","embeddable":true,"href":"https:\/\/www.cervesaguineu.com\/es\/wp-json\/wp\/v2\/product_cat?post=1784"},{"taxonomy":"product_tag","embeddable":true,"href":"https:\/\/www.cervesaguineu.com\/es\/wp-json\/wp\/v2\/product_tag?post=1784"}],"curies":[{"name":"wp","href":"https:\/\/api.w.org\/{rel}","templated":true}]}}