{"id":1758,"date":"2021-07-04T11:36:22","date_gmt":"2021-08-05T14:40:51","guid":{"rendered":"https:\/\/www.cervesaguineu.com\/cervesa\/passion-fruit-cheese-cake-velvet\/"},"modified":"2021-08-26T10:37:41","modified_gmt":"2021-08-26T08:37:41","slug":"passion-fruit-cheese-cake-velvet","status":"publish","type":"product","link":"https:\/\/www.cervesaguineu.com\/es\/cerveza\/passion-fruit-cheese-cake-velvet\/","title":{"rendered":"Passion Fruit Cheese Cake Velvet"},"content":{"rendered":"","protected":false},"excerpt":{"rendered":"<p>En colaboraci\u00f3n con La Quince. Cerveza negra con cuerpo que recuerda la tarta de queso, con maracuy\u00e1. En aroma notaremos la presencia de frutas. En boca, despu\u00e9s de un trago de terciopelo y presencia afrutada, esta cerveza ser\u00e1 refrescante a la vez que intensa.<\/p>\n<p><a href=\"https:\/\/www.laquincebeer.com\/\" target=\"_blank\" rel=\"noopener\"><img decoding=\"async\" class=\"alignnone wp-image-606 size-thumbnail\" src=\"https:\/\/www.cervesaguineu.com\/wp-content\/uploads\/2021\/07\/la-quince-150x150.png\" alt=\"\" width=\"150\" height=\"150\" srcset=\"https:\/\/www.cervesaguineu.com\/wp-content\/uploads\/2021\/07\/la-quince-150x150.png 150w, https:\/\/www.cervesaguineu.com\/wp-content\/uploads\/2021\/07\/la-quince-500x500.png 500w, https:\/\/www.cervesaguineu.com\/wp-content\/uploads\/2021\/07\/la-quince-100x100.png 100w\" sizes=\"(max-width: 150px) 100vw, 150px\" \/><\/a><\/p>\n<h5>\u00bfPero qu\u00e9 es una cerveza Dessert Stout?<\/h5>\n<p>La Stout es una cerveza muy tostada y de ah\u00ed su color casi negro, espuma densa, toques de caf\u00e9 y cacao, y un final amargo aportado por las maltas. Contiene alta graduaci\u00f3n, normalmente entre 6% y 12% aunque las hay m\u00e1s ligeras. Pertenece a la familia de las Ale (alta fermentaci\u00f3n).<\/p>\n<p>Su origen lo encontramos en el siglo XVIII en Inglaterra, que es cuando naci\u00f3 la cerveza porter; una cerveza negra m\u00e1s potente que las existentes en la \u00e9poca. El nombre de porter viene de los cargadores del puerto; y la idea de la receta proviene de un cantinero que mezcl\u00f3 varios tipos de cerveza. Fue posteriormente cuando varias cerveceras a\u00f1adieron m\u00e1s ingredientes, que esta deriv\u00f3 en una stout. Por lo tanto, podemos decir que una stout es una versi\u00f3n m\u00e1s fuerte de una porter.<\/p>\n<p>Y en cuanto a Dessert o tambi\u00e9n llamadas Pastry, significa que incluye ingredientes en la receta que le aportan dulzor. Las Pastry suelen tener alta graduaci\u00f3n, con un paso por boca espeso y aterciopelado. Si nos ponemos creativos podemos obtener cervezas de muchos sabores dulces.<\/p>\n","protected":false},"featured_media":1684,"template":"","meta":{"_acf_changed":false,"inline_featured_image":false,"site-sidebar-layout":"default","site-content-layout":"default","ast-site-content-layout":"","site-content-style":"default","site-sidebar-style":"default","ast-global-header-display":"","ast-banner-title-visibility":"","ast-main-header-display":"","ast-hfb-above-header-display":"","ast-hfb-below-header-display":"","ast-hfb-mobile-header-display":"","site-post-title":"","ast-breadcrumbs-content":"","ast-featured-img":"","footer-sml-layout":"","theme-transparent-header-meta":"disabled","adv-header-id-meta":"","stick-header-meta":"default","header-above-stick-meta":"","header-main-stick-meta":"","header-below-stick-meta":"","astra-migrate-meta-layouts":"default","ast-page-background-enabled":"default","ast-page-background-meta":{"desktop":{"background-color":"","background-image":"","background-repeat":"repeat","background-position":"center center","background-size":"auto","background-attachment":"scroll","background-type":"","background-media":"","overlay-type":"","overlay-color":"","overlay-opacity":"","overlay-gradient":""},"tablet":{"background-color":"","background-image":"","background-repeat":"repeat","background-position":"center center","background-size":"auto","background-attachment":"scroll","background-type":"","background-media":"","overlay-type":"","overlay-color":"","overlay-opacity":"","overlay-gradient":""},"mobile":{"background-color":"","background-image":"","background-repeat":"repeat","background-position":"center center","background-size":"auto","background-attachment":"scroll","background-type":"","background-media":"","overlay-type":"","overlay-color":"","overlay-opacity":"","overlay-gradient":""}},"ast-content-background-meta":{"desktop":{"background-color":"var(--ast-global-color-5)","background-image":"","background-repeat":"repeat","background-position":"center center","background-size":"auto","background-attachment":"scroll","background-type":"","background-media":"","overlay-type":"","overlay-color":"","overlay-opacity":"","overlay-gradient":""},"tablet":{"background-color":"var(--ast-global-color-5)","background-image":"","background-repeat":"repeat","background-position":"center center","background-size":"auto","background-attachment":"scroll","background-type":"","background-media":"","overlay-type":"","overlay-color":"","overlay-opacity":"","overlay-gradient":""},"mobile":{"background-color":"var(--ast-global-color-5)","background-image":"","background-repeat":"repeat","background-position":"center center","background-size":"auto","background-attachment":"scroll","background-type":"","background-media":"","overlay-type":"","overlay-color":"","overlay-opacity":"","overlay-gradient":""}}},"product_cat":[58,44],"product_tag":[76],"class_list":{"0":"post-1758","1":"product","2":"type-product","3":"status-publish","4":"has-post-thumbnail","6":"product_cat-ediciones-limitadas","7":"product_cat-gusto-8","8":"product_tag-gusto-8","9":"desktop-align-left","10":"tablet-align-left","11":"mobile-align-left","13":"first","14":"outofstock","15":"taxable","16":"shipping-taxable","17":"product-type-simple"},"acf":[],"_links":{"self":[{"href":"https:\/\/www.cervesaguineu.com\/es\/wp-json\/wp\/v2\/product\/1758","targetHints":{"allow":["GET"]}}],"collection":[{"href":"https:\/\/www.cervesaguineu.com\/es\/wp-json\/wp\/v2\/product"}],"about":[{"href":"https:\/\/www.cervesaguineu.com\/es\/wp-json\/wp\/v2\/types\/product"}],"wp:featuredmedia":[{"embeddable":true,"href":"https:\/\/www.cervesaguineu.com\/es\/wp-json\/wp\/v2\/media\/1684"}],"wp:attachment":[{"href":"https:\/\/www.cervesaguineu.com\/es\/wp-json\/wp\/v2\/media?parent=1758"}],"wp:term":[{"taxonomy":"product_cat","embeddable":true,"href":"https:\/\/www.cervesaguineu.com\/es\/wp-json\/wp\/v2\/product_cat?post=1758"},{"taxonomy":"product_tag","embeddable":true,"href":"https:\/\/www.cervesaguineu.com\/es\/wp-json\/wp\/v2\/product_tag?post=1758"}],"curies":[{"name":"wp","href":"https:\/\/api.w.org\/{rel}","templated":true}]}}