{"id":1753,"date":"2022-07-04T11:24:15","date_gmt":"2021-08-05T14:36:09","guid":{"rendered":"https:\/\/www.cervesaguineu.com\/cervesa\/lovin-fruit\/"},"modified":"2022-04-25T11:47:55","modified_gmt":"2022-04-25T09:47:55","slug":"lovin-fruit","status":"publish","type":"product","link":"https:\/\/www.cervesaguineu.com\/es\/cerveza\/lovin-fruit\/","title":{"rendered":"Lovin\u2019 Fruit [ Berliner Weisse ]"},"content":{"rendered":"","protected":false},"excerpt":{"rendered":"<p>Con Mango, Pi\u00f1a, Maracuy\u00e1 e hibisco. Cerveza de estilo Berliner, de aspecto rojizo roto, \u00a1en boca encontraremos las notas del \u00e1cido l\u00e1ctico y el car\u00e1cter de la fruta! Con aroma y predominio de la pi\u00f1a para hacerla \u00e1cida y refrescante.<\/p>\n<h5>\u00bfPero qu\u00e9 es una cerveza Berliner Weisse?<\/h5>\n<p>Se trata de una especialidad de la zona de Berl\u00edn, de la que consta la primera menci\u00f3n a su receta en 1642; y posteriormente las tropas de Napole\u00f3n la llamaban la \u00abChampagne du Nord\u00bb por su car\u00e1cter vivo y elegante.<\/p>\n<p>A finales del siglo XIX era la bebida alcoh\u00f3lica m\u00e1s popular en Berlin. En la actualidad s\u00f3lo una cervecera la produce en la regi\u00f3n; pero cerveceras internacionales seguimos produciendo este estilo.<\/p>\n<p>El rasgo distintivo de la Berliner weisse es el sabor de \u00e1cido l\u00e1ctico. Este se obtiene a partir de la fermentaci\u00f3n que se elabora con un mix de levadura y bacterias de \u00e1cido l\u00e1ctico.<\/p>\n","protected":false},"featured_media":1676,"template":"","meta":{"_acf_changed":false,"inline_featured_image":false,"site-sidebar-layout":"default","site-content-layout":"default","ast-site-content-layout":"","site-content-style":"default","site-sidebar-style":"default","ast-global-header-display":"","ast-banner-title-visibility":"","ast-main-header-display":"","ast-hfb-above-header-display":"","ast-hfb-below-header-display":"","ast-hfb-mobile-header-display":"","site-post-title":"","ast-breadcrumbs-content":"","ast-featured-img":"","footer-sml-layout":"","theme-transparent-header-meta":"disabled","adv-header-id-meta":"","stick-header-meta":"default","header-above-stick-meta":"","header-main-stick-meta":"","header-below-stick-meta":"","astra-migrate-meta-layouts":"default","ast-page-background-enabled":"default","ast-page-background-meta":{"desktop":{"background-color":"","background-image":"","background-repeat":"repeat","background-position":"center center","background-size":"auto","background-attachment":"scroll","background-type":"","background-media":"","overlay-type":"","overlay-color":"","overlay-opacity":"","overlay-gradient":""},"tablet":{"background-color":"","background-image":"","background-repeat":"repeat","background-position":"center center","background-size":"auto","background-attachment":"scroll","background-type":"","background-media":"","overlay-type":"","overlay-color":"","overlay-opacity":"","overlay-gradient":""},"mobile":{"background-color":"","background-image":"","background-repeat":"repeat","background-position":"center center","background-size":"auto","background-attachment":"scroll","background-type":"","background-media":"","overlay-type":"","overlay-color":"","overlay-opacity":"","overlay-gradient":""}},"ast-content-background-meta":{"desktop":{"background-color":"var(--ast-global-color-5)","background-image":"","background-repeat":"repeat","background-position":"center center","background-size":"auto","background-attachment":"scroll","background-type":"","background-media":"","overlay-type":"","overlay-color":"","overlay-opacity":"","overlay-gradient":""},"tablet":{"background-color":"var(--ast-global-color-5)","background-image":"","background-repeat":"repeat","background-position":"center center","background-size":"auto","background-attachment":"scroll","background-type":"","background-media":"","overlay-type":"","overlay-color":"","overlay-opacity":"","overlay-gradient":""},"mobile":{"background-color":"var(--ast-global-color-5)","background-image":"","background-repeat":"repeat","background-position":"center center","background-size":"auto","background-attachment":"scroll","background-type":"","background-media":"","overlay-type":"","overlay-color":"","overlay-opacity":"","overlay-gradient":""}}},"product_cat":[58,59],"product_tag":[75],"class_list":{"0":"post-1753","1":"product","2":"type-product","3":"status-publish","4":"has-post-thumbnail","6":"product_cat-ediciones-limitadas","7":"product_cat-gusto-7","8":"product_tag-gusto-7","9":"product_shipping_class-envio-gratuito-es","10":"pa_estils-sours-es","11":"pa_format-lata-44cl-es","12":"pa_graduacio-alcoholica-7-vol-es","13":"desktop-align-left","14":"tablet-align-left","15":"mobile-align-left","17":"first","18":"outofstock","19":"taxable","20":"shipping-taxable","21":"purchasable","22":"product-type-simple"},"acf":[],"_links":{"self":[{"href":"https:\/\/www.cervesaguineu.com\/es\/wp-json\/wp\/v2\/product\/1753","targetHints":{"allow":["GET"]}}],"collection":[{"href":"https:\/\/www.cervesaguineu.com\/es\/wp-json\/wp\/v2\/product"}],"about":[{"href":"https:\/\/www.cervesaguineu.com\/es\/wp-json\/wp\/v2\/types\/product"}],"wp:featuredmedia":[{"embeddable":true,"href":"https:\/\/www.cervesaguineu.com\/es\/wp-json\/wp\/v2\/media\/1676"}],"wp:attachment":[{"href":"https:\/\/www.cervesaguineu.com\/es\/wp-json\/wp\/v2\/media?parent=1753"}],"wp:term":[{"taxonomy":"product_cat","embeddable":true,"href":"https:\/\/www.cervesaguineu.com\/es\/wp-json\/wp\/v2\/product_cat?post=1753"},{"taxonomy":"product_tag","embeddable":true,"href":"https:\/\/www.cervesaguineu.com\/es\/wp-json\/wp\/v2\/product_tag?post=1753"}],"curies":[{"name":"wp","href":"https:\/\/api.w.org\/{rel}","templated":true}]}}