{"id":1751,"date":"2021-07-04T11:21:28","date_gmt":"2021-08-05T14:32:23","guid":{"rendered":"https:\/\/www.cervesaguineu.com\/cervesa\/less-drama-more-hopes\/"},"modified":"2021-08-12T11:38:18","modified_gmt":"2021-08-12T09:38:18","slug":"less-drama-more-hopes","status":"publish","type":"product","link":"https:\/\/www.cervesaguineu.com\/es\/cerveza\/less-drama-more-hopes\/","title":{"rendered":"Less Drama More Hopes"},"content":{"rendered":"","protected":false},"excerpt":{"rendered":"<p>Cerveza turbia de aroma afrutado, con buena presencia de l\u00fapulo en Dry Hop. De aspecto anaranjado, en boca predomina un paso fino y gentil, con un grado de amargor muy equilibrado. En aroma, nos dar\u00e1 notas afrutadas, tropicales, con una peque\u00f1a nota final a c\u00edtrico. Como curiosidad, esta cerveza la hemos etiquetado en 4 colores diferentes. \u00bfCu\u00e1l de las 4 te tomar\u00e1s t\u00fa?<\/p>\n<h5>\u00bfPero qu\u00e9 es una cervesa Hazy IPA?<\/h5>\n<p>La IPA es una cerveza de tradici\u00f3n inglesa, rubia (Pale) y espumosa que se obtiene mediante alta fermentaci\u00f3n (Ale). Su nombre lo encontramos en su origen como cerveza creada por los ingleses para adaptarse durante su expansi\u00f3n comercial hacia la India. Para que la cerveza llegara en buenas condiciones despu\u00e9s de un largo viaje, le aportaron m\u00e1s l\u00fapulo, que act\u00faa como conservante natural. Esto hizo que al mismo tiempo incrementara el grado de amargor. La influencia india se percibe por ser una variedad arom\u00e1tica, floral y especiada.<\/p>\n<p>Hazy IPA es una IPA turbia con cuerpo. Y para conseguir que sea turbia nuestra maestra cervecera juega con cantidades significativas de avena y trigo en el proceso de maceraci\u00f3n; as\u00ed como utilizando levaduras especiales, y a\u00f1adidos posteriores de Dry Hopping .<\/p>\n<p>\u00bfY qu\u00e9 \u00e9s DH o Dry Hopping? Pues se trata de una t\u00e9cnica que se utiliza para aportar mayor aroma e intensidad a la cerveza sin incrementar el amargor. Consiste en a\u00f1adir l\u00fapulo seco a la cerveza ya elaborada y fermentada; ya que los l\u00fapulos pierden parte de sus aromas durante el proceso de ebullici\u00f3n de la cerveza.<\/p>\n","protected":false},"featured_media":1672,"template":"","meta":{"_acf_changed":false,"inline_featured_image":false,"site-sidebar-layout":"default","site-content-layout":"default","ast-site-content-layout":"","site-content-style":"default","site-sidebar-style":"default","ast-global-header-display":"","ast-banner-title-visibility":"","ast-main-header-display":"","ast-hfb-above-header-display":"","ast-hfb-below-header-display":"","ast-hfb-mobile-header-display":"","site-post-title":"","ast-breadcrumbs-content":"","ast-featured-img":"","footer-sml-layout":"","theme-transparent-header-meta":"disabled","adv-header-id-meta":"","stick-header-meta":"default","header-above-stick-meta":"","header-main-stick-meta":"","header-below-stick-meta":"","astra-migrate-meta-layouts":"default","ast-page-background-enabled":"default","ast-page-background-meta":{"desktop":{"background-color":"","background-image":"","background-repeat":"repeat","background-position":"center center","background-size":"auto","background-attachment":"scroll","background-type":"","background-media":"","overlay-type":"","overlay-color":"","overlay-opacity":"","overlay-gradient":""},"tablet":{"background-color":"","background-image":"","background-repeat":"repeat","background-position":"center center","background-size":"auto","background-attachment":"scroll","background-type":"","background-media":"","overlay-type":"","overlay-color":"","overlay-opacity":"","overlay-gradient":""},"mobile":{"background-color":"","background-image":"","background-repeat":"repeat","background-position":"center center","background-size":"auto","background-attachment":"scroll","background-type":"","background-media":"","overlay-type":"","overlay-color":"","overlay-opacity":"","overlay-gradient":""}},"ast-content-background-meta":{"desktop":{"background-color":"var(--ast-global-color-5)","background-image":"","background-repeat":"repeat","background-position":"center center","background-size":"auto","background-attachment":"scroll","background-type":"","background-media":"","overlay-type":"","overlay-color":"","overlay-opacity":"","overlay-gradient":""},"tablet":{"background-color":"var(--ast-global-color-5)","background-image":"","background-repeat":"repeat","background-position":"center center","background-size":"auto","background-attachment":"scroll","background-type":"","background-media":"","overlay-type":"","overlay-color":"","overlay-opacity":"","overlay-gradient":""},"mobile":{"background-color":"var(--ast-global-color-5)","background-image":"","background-repeat":"repeat","background-position":"center center","background-size":"auto","background-attachment":"scroll","background-type":"","background-media":"","overlay-type":"","overlay-color":"","overlay-opacity":"","overlay-gradient":""}}},"product_cat":[58,47],"product_tag":[74],"class_list":{"0":"post-1751","1":"product","2":"type-product","3":"status-publish","4":"has-post-thumbnail","6":"product_cat-ediciones-limitadas","7":"product_cat-gusto-6","8":"product_tag-gusto-6","9":"desktop-align-left","10":"tablet-align-left","11":"mobile-align-left","13":"first","14":"outofstock","15":"taxable","16":"shipping-taxable","17":"purchasable","18":"product-type-simple"},"acf":[],"_links":{"self":[{"href":"https:\/\/www.cervesaguineu.com\/es\/wp-json\/wp\/v2\/product\/1751","targetHints":{"allow":["GET"]}}],"collection":[{"href":"https:\/\/www.cervesaguineu.com\/es\/wp-json\/wp\/v2\/product"}],"about":[{"href":"https:\/\/www.cervesaguineu.com\/es\/wp-json\/wp\/v2\/types\/product"}],"wp:featuredmedia":[{"embeddable":true,"href":"https:\/\/www.cervesaguineu.com\/es\/wp-json\/wp\/v2\/media\/1672"}],"wp:attachment":[{"href":"https:\/\/www.cervesaguineu.com\/es\/wp-json\/wp\/v2\/media?parent=1751"}],"wp:term":[{"taxonomy":"product_cat","embeddable":true,"href":"https:\/\/www.cervesaguineu.com\/es\/wp-json\/wp\/v2\/product_cat?post=1751"},{"taxonomy":"product_tag","embeddable":true,"href":"https:\/\/www.cervesaguineu.com\/es\/wp-json\/wp\/v2\/product_tag?post=1751"}],"curies":[{"name":"wp","href":"https:\/\/api.w.org\/{rel}","templated":true}]}}