{"id":1748,"date":"2021-07-04T11:13:15","date_gmt":"2021-08-05T14:29:22","guid":{"rendered":"https:\/\/www.cervesaguineu.com\/cervesa\/forest-bru\/"},"modified":"2021-08-26T10:35:31","modified_gmt":"2021-08-26T08:35:31","slug":"forest-bru","status":"publish","type":"product","link":"https:\/\/www.cervesaguineu.com\/es\/cerveza\/forest-bru\/","title":{"rendered":"Forest Bru"},"content":{"rendered":"","protected":false},"excerpt":{"rendered":"<p>Cold IPA, colaboraci\u00f3n con Oso Brew Co. Cerveza de estilo Cold IPA, de nueva creaci\u00f3n en EEUU. Una cerveza seca, de aspecto p\u00e1lido, trabajada a baja temperatura al estilo Lager. Con Moreno-1 y Mosaic, encontraremos notas afrutadas y tropicales en esta cerveza con poco cuerpo y ligera.<\/p>\n<p><a href=\"https:\/\/www.osobrewco.com\/\" target=\"_blank\" rel=\"noopener\"><img decoding=\"async\" class=\"alignleft wp-image-597 size-medium\" style=\"margin-bottom: 35px;\" title=\"Oso Brew\" src=\"https:\/\/www.cervesaguineu.com\/wp-content\/uploads\/2021\/07\/oso-brew-300x84.jpg\" alt=\"\" width=\"300\" height=\"84\" srcset=\"https:\/\/www.cervesaguineu.com\/wp-content\/uploads\/2021\/07\/oso-brew-300x84.jpg 300w, https:\/\/www.cervesaguineu.com\/wp-content\/uploads\/2021\/07\/oso-brew.jpg 1024w, https:\/\/www.cervesaguineu.com\/wp-content\/uploads\/2021\/07\/oso-brew-768x216.jpg 768w, https:\/\/www.cervesaguineu.com\/wp-content\/uploads\/2021\/07\/oso-brew-800x225.jpg 800w\" sizes=\"(max-width: 300px) 100vw, 300px\" \/><\/a><\/p>\n<h5>\u00bfPero qu\u00e9 es una cerveza Cold IPA?<\/h5>\n<p>Pues se trata del \u00faltimo invento que proviene de EEUU. Concretamente de Portland, y que surge de la colaboraci\u00f3n entre dos cerveceras.<br \/>\nPara entrar en contexto, la IPA es una cerveza de tradici\u00f3n inglesa, rubia (Pale) y espumosa, y de alta fermentaci\u00f3n (Ale). Su nombre lo encontramos en su origen como cerveza creada por los ingleses para adaptarse durante su expansi\u00f3n comercial hacia la India en el siglo XVII. Para que la cerveza llegara en buenas condiciones despu\u00e9s de un largo viaje, le aportaron m\u00e1s l\u00fapulo, que act\u00faa como conservante natural. Esto hizo que al mismo tiempo incrementara el grado de amargor. La influencia india se percibe por ser una variedad arom\u00e1tica, floral y especiada .<\/p>\n<p>La cerveza lager se caracteriza por el proceso de fermentaci\u00f3n. \u00c9ste se produce a baja temperatura por un per\u00edodo de tres o m\u00e1s semanas. El nombre proviene de una antigua costumbre de los cerveceros b\u00e1varos, que almacenaban (en alem\u00e1n lagern) la cerveza en subterr\u00e1neos y cuevas. De esta manera se obtiene una cerveza m\u00e1s clara, con m\u00e1s sabor para consumir a menor temperatura que otros tipos de cerveza .<\/p>\n<p>La Cold IPA se puede decir que es un h\u00edbrido entre una IPA y una lager. Es una cerveza con alta graduaci\u00f3n y amargor, pero con un paso por boca seco y de trago largo. Es m\u00e1s fresca y ligera, pero con mucho sabor.<\/p>\n","protected":false},"featured_media":1668,"template":"","meta":{"_acf_changed":false,"inline_featured_image":false,"site-sidebar-layout":"default","site-content-layout":"default","ast-site-content-layout":"","site-content-style":"default","site-sidebar-style":"default","ast-global-header-display":"","ast-banner-title-visibility":"","ast-main-header-display":"","ast-hfb-above-header-display":"","ast-hfb-below-header-display":"","ast-hfb-mobile-header-display":"","site-post-title":"","ast-breadcrumbs-content":"","ast-featured-img":"","footer-sml-layout":"","theme-transparent-header-meta":"disabled","adv-header-id-meta":"","stick-header-meta":"default","header-above-stick-meta":"","header-main-stick-meta":"","header-below-stick-meta":"","astra-migrate-meta-layouts":"default","ast-page-background-enabled":"default","ast-page-background-meta":{"desktop":{"background-color":"","background-image":"","background-repeat":"repeat","background-position":"center center","background-size":"auto","background-attachment":"scroll","background-type":"","background-media":"","overlay-type":"","overlay-color":"","overlay-opacity":"","overlay-gradient":""},"tablet":{"background-color":"","background-image":"","background-repeat":"repeat","background-position":"center center","background-size":"auto","background-attachment":"scroll","background-type":"","background-media":"","overlay-type":"","overlay-color":"","overlay-opacity":"","overlay-gradient":""},"mobile":{"background-color":"","background-image":"","background-repeat":"repeat","background-position":"center center","background-size":"auto","background-attachment":"scroll","background-type":"","background-media":"","overlay-type":"","overlay-color":"","overlay-opacity":"","overlay-gradient":""}},"ast-content-background-meta":{"desktop":{"background-color":"var(--ast-global-color-5)","background-image":"","background-repeat":"repeat","background-position":"center center","background-size":"auto","background-attachment":"scroll","background-type":"","background-media":"","overlay-type":"","overlay-color":"","overlay-opacity":"","overlay-gradient":""},"tablet":{"background-color":"var(--ast-global-color-5)","background-image":"","background-repeat":"repeat","background-position":"center center","background-size":"auto","background-attachment":"scroll","background-type":"","background-media":"","overlay-type":"","overlay-color":"","overlay-opacity":"","overlay-gradient":""},"mobile":{"background-color":"var(--ast-global-color-5)","background-image":"","background-repeat":"repeat","background-position":"center center","background-size":"auto","background-attachment":"scroll","background-type":"","background-media":"","overlay-type":"","overlay-color":"","overlay-opacity":"","overlay-gradient":""}}},"product_cat":[58,47],"product_tag":[74],"class_list":{"0":"post-1748","1":"product","2":"type-product","3":"status-publish","4":"has-post-thumbnail","6":"product_cat-ediciones-limitadas","7":"product_cat-gusto-6","8":"product_tag-gusto-6","9":"desktop-align-left","10":"tablet-align-left","11":"mobile-align-left","13":"first","14":"outofstock","15":"taxable","16":"shipping-taxable","17":"purchasable","18":"product-type-simple"},"acf":[],"_links":{"self":[{"href":"https:\/\/www.cervesaguineu.com\/es\/wp-json\/wp\/v2\/product\/1748","targetHints":{"allow":["GET"]}}],"collection":[{"href":"https:\/\/www.cervesaguineu.com\/es\/wp-json\/wp\/v2\/product"}],"about":[{"href":"https:\/\/www.cervesaguineu.com\/es\/wp-json\/wp\/v2\/types\/product"}],"wp:featuredmedia":[{"embeddable":true,"href":"https:\/\/www.cervesaguineu.com\/es\/wp-json\/wp\/v2\/media\/1668"}],"wp:attachment":[{"href":"https:\/\/www.cervesaguineu.com\/es\/wp-json\/wp\/v2\/media?parent=1748"}],"wp:term":[{"taxonomy":"product_cat","embeddable":true,"href":"https:\/\/www.cervesaguineu.com\/es\/wp-json\/wp\/v2\/product_cat?post=1748"},{"taxonomy":"product_tag","embeddable":true,"href":"https:\/\/www.cervesaguineu.com\/es\/wp-json\/wp\/v2\/product_tag?post=1748"}],"curies":[{"name":"wp","href":"https:\/\/api.w.org\/{rel}","templated":true}]}}