{"id":1743,"date":"2021-07-02T15:56:51","date_gmt":"2021-08-05T14:21:46","guid":{"rendered":"https:\/\/www.cervesaguineu.com\/cervesa\/etika\/"},"modified":"2022-04-22T11:35:54","modified_gmt":"2022-04-22T09:35:54","slug":"etika","status":"publish","type":"product","link":"https:\/\/www.cervesaguineu.com\/es\/cerveza\/etika\/","title":{"rendered":"\u00c8tika [ APA ]"},"content":{"rendered":"","protected":false},"excerpt":{"rendered":"<p>Una American Pale Ale suave, pero muy arom\u00e1tica. Se trata de una cerveza de trago largo, con presencia de l\u00fapulo al principio, y un final muy fino con extra de l\u00fapulo.<\/p>\n<p>\u00c8tika es nuestra cerveza m\u00e1s solidaria que nace de la colaboraci\u00f3n con AMPANS (fundaci\u00f3n que trabaja para la integraci\u00f3n de personas con discapacidad intelectual), con la voluntad de hacer eco de la labor que lleva a cabo esta entidad.<\/p>\n<p><em>La etiqueta ha sido ilustrada en el taller El Arte de vivir, donde participan usuarios de AMPANS que quieren desarrollar su creatividad. El resultado ha sido una etiqueta con varios colores que simbolizan la diversidad, y con una tipograf\u00eda hecha a mano que le aporta el car\u00e1cter artesanal y \u00fanico.<\/em><\/p>\n<h5>\u00bfPero que es DH o Dry Hopping?<\/h5>\n<p>El Dry Hopping es una t\u00e9cnica que se utiliza para aportar mayor aroma e intensidad a la cerveza sin incrementar el amargor. Se trata de a\u00f1adir l\u00fapulo seco a la cerveza ya elaborada y fermentada; ya que los l\u00fapulos pierden parte de sus aromas durante el proceso de ebullici\u00f3n.<\/p>\n<h5>\u00bfY Ia American Pale Ale?<\/h5>\n<p>Para entenderlo debemos situarnos en Burton (Inglaterra), donde los maestros cerveceros buscaban una cerveza m\u00e1s p\u00e1lida y consistente. Como resultado surgi\u00f3 una cerveza, La Pale Ale, tambi\u00e9n llamada bitter, que se obtiene mediante alta fermentaci\u00f3n (Ale). Se trata de una cerveza f\u00e1cil de beber por su baja densidad, con un grado de amargor medio y alto, color claro (Pale), con aroma a malta, y con un sabor entre dulce y moderadamente afrutado.<\/p>\n<p>Pues la American Pale Ale es la adaptaci\u00f3n americana de la Pale Ale Brit\u00e1nica con un extra de l\u00fapulo. Suave, ligera, con poco cuerpo, con un punto seco y muy arom\u00e1tica. Pensada para saciar la sed y refrescarse.<\/p>\n","protected":false},"featured_media":1633,"template":"","meta":{"_acf_changed":false,"inline_featured_image":false,"site-sidebar-layout":"default","site-content-layout":"default","ast-site-content-layout":"","site-content-style":"default","site-sidebar-style":"default","ast-global-header-display":"","ast-banner-title-visibility":"","ast-main-header-display":"","ast-hfb-above-header-display":"","ast-hfb-below-header-display":"","ast-hfb-mobile-header-display":"","site-post-title":"","ast-breadcrumbs-content":"","ast-featured-img":"","footer-sml-layout":"","theme-transparent-header-meta":"disabled","adv-header-id-meta":"","stick-header-meta":"default","header-above-stick-meta":"","header-main-stick-meta":"","header-below-stick-meta":"","astra-migrate-meta-layouts":"default","ast-page-background-enabled":"default","ast-page-background-meta":{"desktop":{"background-color":"","background-image":"","background-repeat":"repeat","background-position":"center center","background-size":"auto","background-attachment":"scroll","background-type":"","background-media":"","overlay-type":"","overlay-color":"","overlay-opacity":"","overlay-gradient":""},"tablet":{"background-color":"","background-image":"","background-repeat":"repeat","background-position":"center center","background-size":"auto","background-attachment":"scroll","background-type":"","background-media":"","overlay-type":"","overlay-color":"","overlay-opacity":"","overlay-gradient":""},"mobile":{"background-color":"","background-image":"","background-repeat":"repeat","background-position":"center center","background-size":"auto","background-attachment":"scroll","background-type":"","background-media":"","overlay-type":"","overlay-color":"","overlay-opacity":"","overlay-gradient":""}},"ast-content-background-meta":{"desktop":{"background-color":"var(--ast-global-color-5)","background-image":"","background-repeat":"repeat","background-position":"center center","background-size":"auto","background-attachment":"scroll","background-type":"","background-media":"","overlay-type":"","overlay-color":"","overlay-opacity":"","overlay-gradient":""},"tablet":{"background-color":"var(--ast-global-color-5)","background-image":"","background-repeat":"repeat","background-position":"center center","background-size":"auto","background-attachment":"scroll","background-type":"","background-media":"","overlay-type":"","overlay-color":"","overlay-opacity":"","overlay-gradient":""},"mobile":{"background-color":"var(--ast-global-color-5)","background-image":"","background-repeat":"repeat","background-position":"center center","background-size":"auto","background-attachment":"scroll","background-type":"","background-media":"","overlay-type":"","overlay-color":"","overlay-opacity":"","overlay-gradient":""}}},"product_cat":[57,45],"product_tag":[71],"class_list":{"0":"post-1743","1":"product","2":"type-product","3":"status-publish","4":"has-post-thumbnail","6":"product_cat-gusto-1","7":"product_cat-las-de-siempre","8":"product_tag-gusto-1","9":"product_shipping_class-envio-gratuito-es","10":"pa_estils-ipas-pales-ales-hazy-ipa","11":"pa_estils-colaboraciones","12":"pa_format-botellin-33cl-es","13":"pa_graduacio-alcoholica-7-vol-es","14":"desktop-align-left","15":"tablet-align-left","16":"mobile-align-left","18":"first","19":"outofstock","20":"taxable","21":"shipping-taxable","22":"purchasable","23":"product-type-simple"},"acf":[],"_links":{"self":[{"href":"https:\/\/www.cervesaguineu.com\/es\/wp-json\/wp\/v2\/product\/1743","targetHints":{"allow":["GET"]}}],"collection":[{"href":"https:\/\/www.cervesaguineu.com\/es\/wp-json\/wp\/v2\/product"}],"about":[{"href":"https:\/\/www.cervesaguineu.com\/es\/wp-json\/wp\/v2\/types\/product"}],"wp:featuredmedia":[{"embeddable":true,"href":"https:\/\/www.cervesaguineu.com\/es\/wp-json\/wp\/v2\/media\/1633"}],"wp:attachment":[{"href":"https:\/\/www.cervesaguineu.com\/es\/wp-json\/wp\/v2\/media?parent=1743"}],"wp:term":[{"taxonomy":"product_cat","embeddable":true,"href":"https:\/\/www.cervesaguineu.com\/es\/wp-json\/wp\/v2\/product_cat?post=1743"},{"taxonomy":"product_tag","embeddable":true,"href":"https:\/\/www.cervesaguineu.com\/es\/wp-json\/wp\/v2\/product_tag?post=1743"}],"curies":[{"name":"wp","href":"https:\/\/api.w.org\/{rel}","templated":true}]}}