{"id":1741,"date":"2021-07-02T15:48:52","date_gmt":"2021-08-05T14:18:33","guid":{"rendered":"https:\/\/www.cervesaguineu.com\/cervesa\/blatdesac\/"},"modified":"2022-04-25T11:45:28","modified_gmt":"2022-04-25T09:45:28","slug":"blat-de-sac","status":"publish","type":"product","link":"https:\/\/www.cervesaguineu.com\/es\/cerveza\/blat-de-sac\/","title":{"rendered":"Blatdesac [ Weisse ]"},"content":{"rendered":"","protected":false},"excerpt":{"rendered":"<p>Cerveza cl\u00e1sica de trigo. Juntamente con los aromas cl\u00e1sicos de una cerveza de trigo, encontramos el del l\u00fapulo. En boca se nota el dulzor del trigo, pero \u00e9ste no esconde los l\u00fapulos herbales utilizados en esta receta.<\/p>\n<h5>\u00bfPero qu\u00e9 es una cerveza weisse?<\/h5>\n<p>Sus or\u00edgenes est\u00e1n en Baviera, Alemania; y su nombre viene dado por la tonalidad tirando a blanca que le da la proporci\u00f3n predominante de malta de trigo. Se trata de una cerveza ligera y con poca graduaci\u00f3n, muy apropiada para las \u00e9pocas m\u00e1s calurosas.<\/p>\n","protected":false},"featured_media":1630,"template":"","meta":{"_acf_changed":false,"inline_featured_image":false,"site-sidebar-layout":"default","site-content-layout":"default","ast-site-content-layout":"","site-content-style":"default","site-sidebar-style":"default","ast-global-header-display":"","ast-banner-title-visibility":"","ast-main-header-display":"","ast-hfb-above-header-display":"","ast-hfb-below-header-display":"","ast-hfb-mobile-header-display":"","site-post-title":"","ast-breadcrumbs-content":"","ast-featured-img":"","footer-sml-layout":"","theme-transparent-header-meta":"disabled","adv-header-id-meta":"","stick-header-meta":"default","header-above-stick-meta":"","header-main-stick-meta":"","header-below-stick-meta":"","astra-migrate-meta-layouts":"default","ast-page-background-enabled":"default","ast-page-background-meta":{"desktop":{"background-color":"","background-image":"","background-repeat":"repeat","background-position":"center center","background-size":"auto","background-attachment":"scroll","background-type":"","background-media":"","overlay-type":"","overlay-color":"","overlay-opacity":"","overlay-gradient":""},"tablet":{"background-color":"","background-image":"","background-repeat":"repeat","background-position":"center center","background-size":"auto","background-attachment":"scroll","background-type":"","background-media":"","overlay-type":"","overlay-color":"","overlay-opacity":"","overlay-gradient":""},"mobile":{"background-color":"","background-image":"","background-repeat":"repeat","background-position":"center center","background-size":"auto","background-attachment":"scroll","background-type":"","background-media":"","overlay-type":"","overlay-color":"","overlay-opacity":"","overlay-gradient":""}},"ast-content-background-meta":{"desktop":{"background-color":"var(--ast-global-color-5)","background-image":"","background-repeat":"repeat","background-position":"center center","background-size":"auto","background-attachment":"scroll","background-type":"","background-media":"","overlay-type":"","overlay-color":"","overlay-opacity":"","overlay-gradient":""},"tablet":{"background-color":"var(--ast-global-color-5)","background-image":"","background-repeat":"repeat","background-position":"center center","background-size":"auto","background-attachment":"scroll","background-type":"","background-media":"","overlay-type":"","overlay-color":"","overlay-opacity":"","overlay-gradient":""},"mobile":{"background-color":"var(--ast-global-color-5)","background-image":"","background-repeat":"repeat","background-position":"center center","background-size":"auto","background-attachment":"scroll","background-type":"","background-media":"","overlay-type":"","overlay-color":"","overlay-opacity":"","overlay-gradient":""}}},"product_cat":[57,45],"product_tag":[71],"class_list":{"0":"post-1741","1":"product","2":"type-product","3":"status-publish","4":"has-post-thumbnail","6":"product_cat-gusto-1","7":"product_cat-las-de-siempre","8":"product_tag-gusto-1","9":"product_shipping_class-envio-gratuito-es","10":"pa_estils-trigo","11":"pa_format-botellin-33cl-es","12":"pa_graduacio-alcoholica-7-vol-es","13":"desktop-align-left","14":"tablet-align-left","15":"mobile-align-left","17":"first","18":"instock","19":"taxable","20":"shipping-taxable","21":"purchasable","22":"product-type-simple"},"acf":[],"_links":{"self":[{"href":"https:\/\/www.cervesaguineu.com\/es\/wp-json\/wp\/v2\/product\/1741","targetHints":{"allow":["GET"]}}],"collection":[{"href":"https:\/\/www.cervesaguineu.com\/es\/wp-json\/wp\/v2\/product"}],"about":[{"href":"https:\/\/www.cervesaguineu.com\/es\/wp-json\/wp\/v2\/types\/product"}],"wp:featuredmedia":[{"embeddable":true,"href":"https:\/\/www.cervesaguineu.com\/es\/wp-json\/wp\/v2\/media\/1630"}],"wp:attachment":[{"href":"https:\/\/www.cervesaguineu.com\/es\/wp-json\/wp\/v2\/media?parent=1741"}],"wp:term":[{"taxonomy":"product_cat","embeddable":true,"href":"https:\/\/www.cervesaguineu.com\/es\/wp-json\/wp\/v2\/product_cat?post=1741"},{"taxonomy":"product_tag","embeddable":true,"href":"https:\/\/www.cervesaguineu.com\/es\/wp-json\/wp\/v2\/product_tag?post=1741"}],"curies":[{"name":"wp","href":"https:\/\/api.w.org\/{rel}","templated":true}]}}