{"id":1735,"date":"2022-04-06T19:42:13","date_gmt":"2021-08-05T14:06:50","guid":{"rendered":"https:\/\/www.cervesaguineu.com\/cervesa\/dr-calypso\/"},"modified":"2022-04-22T11:15:57","modified_gmt":"2022-04-22T09:15:57","slug":"dr-calyspso","status":"publish","type":"product","link":"https:\/\/www.cervesaguineu.com\/es\/cerveza\/dr-calyspso\/","title":{"rendered":"Dr Calypso [ IPA ]"},"content":{"rendered":"","protected":false},"excerpt":{"rendered":"<p>Cerveza rubia sin gluten, de cuerpo ligero y sabor largo, c\u00edtrico y floral. Es nuestro homenaje a Dr.Calypso, que durante tantos a\u00f1os nos han hecho bailar.<\/p>\n<h5>\u00bfPero que es una Half IPA?<\/h5>\n<p>La IPA es una cerveza de tradici\u00f3n inglesa, rubia (Pale) y espumosa que se obtiene mediante alta fermentaci\u00f3n (Ale). Su nombre lo encontramos en su origen como cerveza creada por los ingleses para adaptarse durante su expansi\u00f3n comercial hacia la India. Para que la cerveza llegara en buenas condiciones despu\u00e9s de un largo viaje, le aportaron m\u00e1s l\u00fapulo, que act\u00faa como conservante natural. Esto hizo que al mismo tiempo incrementara el grado de amargor. La influencia india se nota por ser una variedad arom\u00e1tica, floral y especiada.<\/p>\n<p>El origen de la APA (American Pale Ale) lo encontramos en Burton (Inglaterra) donde los maestros cerveceros buscaban una cerveza m\u00e1s p\u00e1lida y consistente. Como resultado surgi\u00f3 una cerveza, La Pale Ale, tambi\u00e9n llamada bitter, que se obtiene mediante alta fermentaci\u00f3n (Ale). Se trata de una cerveza f\u00e1cil de beber por su baja densidad, con un grado de amargor medio y alto, color claro (Pale), con aroma a malta, y con un sabor entre dulce y moderadamente afrutado.<\/p>\n<p>La American Pale Ale es la adaptaci\u00f3n americana de la Pale Ale Brit\u00e1nica con un extra de l\u00fapulo. Suave, ligera, con poco cuerpo, con un punto seco y muy arom\u00e1tica. Pensada para saciar la sed y refrescarse.<\/p>\n<p>Una Half IPA est\u00e1 a medio camino entre una APA (American Pale Ale) y una IPA (India Pale Ale). M\u00e1s lupulada que una APA sin llegar a ser una IPA.<\/p>\n","protected":false},"featured_media":0,"template":"","meta":{"_acf_changed":false,"inline_featured_image":false,"site-sidebar-layout":"default","site-content-layout":"default","ast-site-content-layout":"","site-content-style":"default","site-sidebar-style":"default","ast-global-header-display":"","ast-banner-title-visibility":"","ast-main-header-display":"","ast-hfb-above-header-display":"","ast-hfb-below-header-display":"","ast-hfb-mobile-header-display":"","site-post-title":"","ast-breadcrumbs-content":"","ast-featured-img":"","footer-sml-layout":"","theme-transparent-header-meta":"disabled","adv-header-id-meta":"","stick-header-meta":"default","header-above-stick-meta":"","header-main-stick-meta":"","header-below-stick-meta":"","astra-migrate-meta-layouts":"default","ast-page-background-enabled":"default","ast-page-background-meta":{"desktop":{"background-color":"","background-image":"","background-repeat":"repeat","background-position":"center center","background-size":"auto","background-attachment":"scroll","background-type":"","background-media":"","overlay-type":"","overlay-color":"","overlay-opacity":"","overlay-gradient":""},"tablet":{"background-color":"","background-image":"","background-repeat":"repeat","background-position":"center center","background-size":"auto","background-attachment":"scroll","background-type":"","background-media":"","overlay-type":"","overlay-color":"","overlay-opacity":"","overlay-gradient":""},"mobile":{"background-color":"","background-image":"","background-repeat":"repeat","background-position":"center center","background-size":"auto","background-attachment":"scroll","background-type":"","background-media":"","overlay-type":"","overlay-color":"","overlay-opacity":"","overlay-gradient":""}},"ast-content-background-meta":{"desktop":{"background-color":"var(--ast-global-color-5)","background-image":"","background-repeat":"repeat","background-position":"center center","background-size":"auto","background-attachment":"scroll","background-type":"","background-media":"","overlay-type":"","overlay-color":"","overlay-opacity":"","overlay-gradient":""},"tablet":{"background-color":"var(--ast-global-color-5)","background-image":"","background-repeat":"repeat","background-position":"center center","background-size":"auto","background-attachment":"scroll","background-type":"","background-media":"","overlay-type":"","overlay-color":"","overlay-opacity":"","overlay-gradient":""},"mobile":{"background-color":"var(--ast-global-color-5)","background-image":"","background-repeat":"repeat","background-position":"center center","background-size":"auto","background-attachment":"scroll","background-type":"","background-media":"","overlay-type":"","overlay-color":"","overlay-opacity":"","overlay-gradient":""}}},"product_cat":[51,45],"product_tag":[73],"class_list":{"0":"post-1735","1":"product","2":"type-product","3":"status-publish","5":"product_cat-gusto-4","6":"product_cat-las-de-siempre","7":"product_tag-gusto-4","8":"product_shipping_class-envio-gratuito-es","9":"pa_estils-ipas-pales-ales-hazy-ipa","10":"pa_estils-sin-gluten","11":"pa_format-botellin-33cl-es","12":"pa_graduacio-alcoholica-7-vol-es","13":"desktop-align-left","14":"tablet-align-left","15":"mobile-align-left","17":"first","18":"instock","19":"taxable","20":"shipping-taxable","21":"purchasable","22":"product-type-simple"},"acf":[],"_links":{"self":[{"href":"https:\/\/www.cervesaguineu.com\/es\/wp-json\/wp\/v2\/product\/1735","targetHints":{"allow":["GET"]}}],"collection":[{"href":"https:\/\/www.cervesaguineu.com\/es\/wp-json\/wp\/v2\/product"}],"about":[{"href":"https:\/\/www.cervesaguineu.com\/es\/wp-json\/wp\/v2\/types\/product"}],"wp:attachment":[{"href":"https:\/\/www.cervesaguineu.com\/es\/wp-json\/wp\/v2\/media?parent=1735"}],"wp:term":[{"taxonomy":"product_cat","embeddable":true,"href":"https:\/\/www.cervesaguineu.com\/es\/wp-json\/wp\/v2\/product_cat?post=1735"},{"taxonomy":"product_tag","embeddable":true,"href":"https:\/\/www.cervesaguineu.com\/es\/wp-json\/wp\/v2\/product_tag?post=1735"}],"curies":[{"name":"wp","href":"https:\/\/api.w.org\/{rel}","templated":true}]}}