{"id":1733,"date":"2022-08-02T16:07:06","date_gmt":"2021-08-05T14:03:53","guid":{"rendered":"https:\/\/www.cervesaguineu.com\/cervesa\/montserrat\/"},"modified":"2022-04-25T11:42:38","modified_gmt":"2022-04-25T09:42:38","slug":"montserrat","status":"publish","type":"product","link":"https:\/\/www.cervesaguineu.com\/es\/cerveza\/montserrat\/","title":{"rendered":"Montserrat [ Stout ]"},"content":{"rendered":"","protected":false},"excerpt":{"rendered":"<p>Cerveza negra con una primera cata casi dulce, seguida de cierta frescura combinada con toques de cacao amargo y regaliz. Una stout ligera para disfrutar a cualquier hora.<\/p>\n<h5>\u00bfPero que es una Stout?<\/h5>\n<p>La Stout es una cerveza muy tostada y de ah\u00ed su color casi negro, espuma densa, toques de caf\u00e9 y cacao, y un final amargo aportado por las maltas. Contiene alta graduaci\u00f3n, normalmente entre 6% y 12% aunque las hay m\u00e1s ligeras. Pertenece a la familia de las Ale (alta fermentaci\u00f3n).<\/p>\n<p>Su origen lo encontramos en el siglo XVIII en Inglaterra, que es cuando naci\u00f3 la cerveza porter; una cerveza negra m\u00e1s potente que las existentes en la \u00e9poca. El nombre de porter viene de los cargadores del puerto; y la idea de la receta proviene de un cantinero que mezcl\u00f3 varios tipos de cerveza. Fue posteriormente cuando varias cerveceras a\u00f1adieron m\u00e1s ingredientes, que esta deriv\u00f3 en una stout. Por lo tanto, podemos decir que una stout es una versi\u00f3n m\u00e1s fuerte de una porter.<\/p>\n","protected":false},"featured_media":0,"template":"","meta":{"_acf_changed":false,"inline_featured_image":false,"site-sidebar-layout":"default","site-content-layout":"default","ast-site-content-layout":"","site-content-style":"default","site-sidebar-style":"default","ast-global-header-display":"","ast-banner-title-visibility":"","ast-main-header-display":"","ast-hfb-above-header-display":"","ast-hfb-below-header-display":"","ast-hfb-mobile-header-display":"","site-post-title":"","ast-breadcrumbs-content":"","ast-featured-img":"","footer-sml-layout":"","theme-transparent-header-meta":"disabled","adv-header-id-meta":"","stick-header-meta":"default","header-above-stick-meta":"","header-main-stick-meta":"","header-below-stick-meta":"","astra-migrate-meta-layouts":"default","ast-page-background-enabled":"default","ast-page-background-meta":{"desktop":{"background-color":"","background-image":"","background-repeat":"repeat","background-position":"center center","background-size":"auto","background-attachment":"scroll","background-type":"","background-media":"","overlay-type":"","overlay-color":"","overlay-opacity":"","overlay-gradient":""},"tablet":{"background-color":"","background-image":"","background-repeat":"repeat","background-position":"center center","background-size":"auto","background-attachment":"scroll","background-type":"","background-media":"","overlay-type":"","overlay-color":"","overlay-opacity":"","overlay-gradient":""},"mobile":{"background-color":"","background-image":"","background-repeat":"repeat","background-position":"center center","background-size":"auto","background-attachment":"scroll","background-type":"","background-media":"","overlay-type":"","overlay-color":"","overlay-opacity":"","overlay-gradient":""}},"ast-content-background-meta":{"desktop":{"background-color":"var(--ast-global-color-5)","background-image":"","background-repeat":"repeat","background-position":"center center","background-size":"auto","background-attachment":"scroll","background-type":"","background-media":"","overlay-type":"","overlay-color":"","overlay-opacity":"","overlay-gradient":""},"tablet":{"background-color":"var(--ast-global-color-5)","background-image":"","background-repeat":"repeat","background-position":"center center","background-size":"auto","background-attachment":"scroll","background-type":"","background-media":"","overlay-type":"","overlay-color":"","overlay-opacity":"","overlay-gradient":""},"mobile":{"background-color":"var(--ast-global-color-5)","background-image":"","background-repeat":"repeat","background-position":"center center","background-size":"auto","background-attachment":"scroll","background-type":"","background-media":"","overlay-type":"","overlay-color":"","overlay-opacity":"","overlay-gradient":""}}},"product_cat":[51,45],"product_tag":[73],"class_list":{"0":"post-1733","1":"product","2":"type-product","3":"status-publish","5":"product_cat-gusto-4","6":"product_cat-las-de-siempre","7":"product_tag-gusto-4","8":"product_shipping_class-envio-gratuito-es","9":"pa_estils-stout-porter-es","10":"pa_format-botellin-33cl-es","11":"pa_graduacio-alcoholica-7-vol-es","12":"desktop-align-left","13":"tablet-align-left","14":"mobile-align-left","16":"first","17":"outofstock","18":"taxable","19":"shipping-taxable","20":"purchasable","21":"product-type-simple"},"acf":[],"_links":{"self":[{"href":"https:\/\/www.cervesaguineu.com\/es\/wp-json\/wp\/v2\/product\/1733","targetHints":{"allow":["GET"]}}],"collection":[{"href":"https:\/\/www.cervesaguineu.com\/es\/wp-json\/wp\/v2\/product"}],"about":[{"href":"https:\/\/www.cervesaguineu.com\/es\/wp-json\/wp\/v2\/types\/product"}],"wp:attachment":[{"href":"https:\/\/www.cervesaguineu.com\/es\/wp-json\/wp\/v2\/media?parent=1733"}],"wp:term":[{"taxonomy":"product_cat","embeddable":true,"href":"https:\/\/www.cervesaguineu.com\/es\/wp-json\/wp\/v2\/product_cat?post=1733"},{"taxonomy":"product_tag","embeddable":true,"href":"https:\/\/www.cervesaguineu.com\/es\/wp-json\/wp\/v2\/product_tag?post=1733"}],"curies":[{"name":"wp","href":"https:\/\/api.w.org\/{rel}","templated":true}]}}