{"id":1729,"date":"2022-07-27T19:49:46","date_gmt":"2021-08-05T13:56:15","guid":{"rendered":"https:\/\/www.cervesaguineu.com\/cervesa\/jack-the-ripa\/"},"modified":"2022-04-22T11:42:18","modified_gmt":"2022-04-22T09:42:18","slug":"jack-the-ripa","status":"publish","type":"product","link":"https:\/\/www.cervesaguineu.com\/es\/cerveza\/jack-the-ripa\/","title":{"rendered":"Jack the Ripa [ Red IPA ]"},"content":{"rendered":"","protected":false},"excerpt":{"rendered":"<p>De color cobre intenso, con una base maltosa que no quita protagonismo a los l\u00fapulos. Su aroma es afrutado y tiene un sabor largo e intenso. \u00a1Una IPA Real!<\/p>\n<h5>\u00bfPero qu\u00e9 es una IPA (India Pale Ale)?<\/h5>\n<p>La IPA es una cerveza de tradici\u00f3n inglesa, rubia (Pale) y espumosa que se obtiene mediante alta fermentaci\u00f3n (Ale). Su nombre lo encontramos en su origen como cerveza creada por los ingleses para adaptarse durante su expansi\u00f3n comercial hacia la India. Para que la cerveza llegara en buenas condiciones despu\u00e9s de un largo viaje, le aportaron m\u00e1s l\u00fapulo, que act\u00faa como conservante natural. Esto hizo que al mismo tiempo incrementara el grado de amargor. La influencia india se percibe por ser una variedad arom\u00e1tica, floral y especiada.<\/p>\n","protected":false},"featured_media":1651,"template":"","meta":{"_acf_changed":false,"inline_featured_image":false,"site-sidebar-layout":"default","site-content-layout":"default","ast-site-content-layout":"","site-content-style":"default","site-sidebar-style":"default","ast-global-header-display":"","ast-banner-title-visibility":"","ast-main-header-display":"","ast-hfb-above-header-display":"","ast-hfb-below-header-display":"","ast-hfb-mobile-header-display":"","site-post-title":"","ast-breadcrumbs-content":"","ast-featured-img":"","footer-sml-layout":"","theme-transparent-header-meta":"disabled","adv-header-id-meta":"","stick-header-meta":"default","header-above-stick-meta":"","header-main-stick-meta":"","header-below-stick-meta":"","astra-migrate-meta-layouts":"default","ast-page-background-enabled":"default","ast-page-background-meta":{"desktop":{"background-color":"","background-image":"","background-repeat":"repeat","background-position":"center center","background-size":"auto","background-attachment":"scroll","background-type":"","background-media":"","overlay-type":"","overlay-color":"","overlay-opacity":"","overlay-gradient":""},"tablet":{"background-color":"","background-image":"","background-repeat":"repeat","background-position":"center center","background-size":"auto","background-attachment":"scroll","background-type":"","background-media":"","overlay-type":"","overlay-color":"","overlay-opacity":"","overlay-gradient":""},"mobile":{"background-color":"","background-image":"","background-repeat":"repeat","background-position":"center center","background-size":"auto","background-attachment":"scroll","background-type":"","background-media":"","overlay-type":"","overlay-color":"","overlay-opacity":"","overlay-gradient":""}},"ast-content-background-meta":{"desktop":{"background-color":"var(--ast-global-color-5)","background-image":"","background-repeat":"repeat","background-position":"center center","background-size":"auto","background-attachment":"scroll","background-type":"","background-media":"","overlay-type":"","overlay-color":"","overlay-opacity":"","overlay-gradient":""},"tablet":{"background-color":"var(--ast-global-color-5)","background-image":"","background-repeat":"repeat","background-position":"center center","background-size":"auto","background-attachment":"scroll","background-type":"","background-media":"","overlay-type":"","overlay-color":"","overlay-opacity":"","overlay-gradient":""},"mobile":{"background-color":"var(--ast-global-color-5)","background-image":"","background-repeat":"repeat","background-position":"center center","background-size":"auto","background-attachment":"scroll","background-type":"","background-media":"","overlay-type":"","overlay-color":"","overlay-opacity":"","overlay-gradient":""}}},"product_cat":[47,45],"product_tag":[74],"class_list":{"0":"post-1729","1":"product","2":"type-product","3":"status-publish","4":"has-post-thumbnail","6":"product_cat-gusto-6","7":"product_cat-las-de-siempre","8":"product_tag-gusto-6","9":"product_shipping_class-envio-gratuito-es","10":"pa_estils-ipas-pales-ales-hazy-ipa","11":"pa_format-botellin-33cl-es","12":"pa_graduacio-alcoholica-7-vol-es","13":"desktop-align-left","14":"tablet-align-left","15":"mobile-align-left","17":"first","18":"outofstock","19":"taxable","20":"shipping-taxable","21":"purchasable","22":"product-type-simple"},"acf":[],"_links":{"self":[{"href":"https:\/\/www.cervesaguineu.com\/es\/wp-json\/wp\/v2\/product\/1729","targetHints":{"allow":["GET"]}}],"collection":[{"href":"https:\/\/www.cervesaguineu.com\/es\/wp-json\/wp\/v2\/product"}],"about":[{"href":"https:\/\/www.cervesaguineu.com\/es\/wp-json\/wp\/v2\/types\/product"}],"wp:featuredmedia":[{"embeddable":true,"href":"https:\/\/www.cervesaguineu.com\/es\/wp-json\/wp\/v2\/media\/1651"}],"wp:attachment":[{"href":"https:\/\/www.cervesaguineu.com\/es\/wp-json\/wp\/v2\/media?parent=1729"}],"wp:term":[{"taxonomy":"product_cat","embeddable":true,"href":"https:\/\/www.cervesaguineu.com\/es\/wp-json\/wp\/v2\/product_cat?post=1729"},{"taxonomy":"product_tag","embeddable":true,"href":"https:\/\/www.cervesaguineu.com\/es\/wp-json\/wp\/v2\/product_tag?post=1729"}],"curies":[{"name":"wp","href":"https:\/\/api.w.org\/{rel}","templated":true}]}}