{"id":1725,"date":"2023-07-03T19:58:11","date_gmt":"2021-08-05T13:35:34","guid":{"rendered":"https:\/\/www.cervesaguineu.com\/cervesa\/vanilla-black-velvet\/"},"modified":"2022-04-25T11:32:21","modified_gmt":"2022-04-25T09:32:21","slug":"vanilla-black-velvet","status":"publish","type":"product","link":"https:\/\/www.cervesaguineu.com\/es\/cerveza\/vanilla-black-velvet\/","title":{"rendered":"Vanilla Black Velvet [Imperial Stout]"},"content":{"rendered":"","protected":false},"excerpt":{"rendered":"<h5>Colaboraci\u00f3n con La Quince \u2013 Madrid<\/h5>\n<p>Cerveza negra con mucho cuerpo, de sabor potente pero que ofrece un \u00abtrago de terciopelo\u00bb. Destaca el gusto de las vainas de vainilla de Madagascar por encima del toque tostado, de cacao y de caf\u00e9.<\/p>\n<p><a href=\"https:\/\/www.laquincebeer.com\/\" target=\"_blank\" rel=\"noopener\"><img decoding=\"async\" class=\"alignnone wp-image-606 size-thumbnail\" title=\"La Quince Brewery\" src=\"https:\/\/www.cervesaguineu.com\/wp-content\/uploads\/2021\/07\/la-quince-150x150.png\" alt=\"\" width=\"150\" height=\"150\" srcset=\"https:\/\/www.cervesaguineu.com\/wp-content\/uploads\/2021\/07\/la-quince-150x150.png 150w, https:\/\/www.cervesaguineu.com\/wp-content\/uploads\/2021\/07\/la-quince-500x500.png 500w, https:\/\/www.cervesaguineu.com\/wp-content\/uploads\/2021\/07\/la-quince-100x100.png 100w\" sizes=\"(max-width: 150px) 100vw, 150px\" \/><\/a><\/p>\n<h5>\u00bfPero qu\u00e9 es una Russian Imperial Stout?<\/h5>\n<p>La Russian Imperial Stout, tambi\u00e9n se conoce como la cerveza de los zares rusos. Este estilo encuentra sus or\u00edgenes en la Stout; que se caracteriza por ser una cerveza muy tostada y de ah\u00ed su color casi negro, espuma densa, toques de caf\u00e9 y cacao y un final amargo aportado por las maltas. Contiene alta graduaci\u00f3n, normalmente entre 6% y 12% aunque las hay m\u00e1s ligeras. Pertenece a la familia de las Ale (alta fermentaci\u00f3n).<\/p>\n<p>Su origen lo encontramos en el siglo XVIII en Inglaterra, que es cuando naci\u00f3 la cerveza porter; una cerveza negra m\u00e1s potente que las existentes en la \u00e9poca. El nombre de porter viene de los cargadores del puerto; y la idea de la receta proviene de un cantinero que mezcl\u00f3 varios tipos de cerveza. Fue posteriormente cuando varias cerveceras a\u00f1adieron m\u00e1s ingredientes, que esta deriv\u00f3 en una stout. Por lo tanto, podemos decir que una stout es una versi\u00f3n m\u00e1s fuerte de una porter.<\/p>\n<p>Fue a finales del siglo XVII que el Emperador Ruso Pedro el grande viaj\u00f3 a Inglaterra y le encantaron las cervezas brit\u00e1nicas potentes. Fue \u00e9l quien las puso de moda entre su corte. Esto supuso env\u00edos a Rusia; y para que la cerveza llegara en condiciones \u00f3ptimas la hicieron Imperial; es decir que incrementaron la graduaci\u00f3n y la presencia de l\u00fapulo dando paso a La Russian Imperial Stout.<\/p>\n","protected":false},"featured_media":2160,"template":"","meta":{"_acf_changed":false,"inline_featured_image":false,"site-sidebar-layout":"default","site-content-layout":"default","ast-site-content-layout":"default","site-content-style":"default","site-sidebar-style":"default","ast-global-header-display":"","ast-banner-title-visibility":"","ast-main-header-display":"","ast-hfb-above-header-display":"","ast-hfb-below-header-display":"","ast-hfb-mobile-header-display":"","site-post-title":"","ast-breadcrumbs-content":"","ast-featured-img":"","footer-sml-layout":"","theme-transparent-header-meta":"disabled","adv-header-id-meta":"","stick-header-meta":"default","header-above-stick-meta":"","header-main-stick-meta":"","header-below-stick-meta":"","astra-migrate-meta-layouts":"default","ast-page-background-enabled":"default","ast-page-background-meta":{"desktop":{"background-color":"","background-image":"","background-repeat":"repeat","background-position":"center center","background-size":"auto","background-attachment":"scroll","background-type":"","background-media":"","overlay-type":"","overlay-color":"","overlay-opacity":"","overlay-gradient":""},"tablet":{"background-color":"","background-image":"","background-repeat":"repeat","background-position":"center center","background-size":"auto","background-attachment":"scroll","background-type":"","background-media":"","overlay-type":"","overlay-color":"","overlay-opacity":"","overlay-gradient":""},"mobile":{"background-color":"","background-image":"","background-repeat":"repeat","background-position":"center center","background-size":"auto","background-attachment":"scroll","background-type":"","background-media":"","overlay-type":"","overlay-color":"","overlay-opacity":"","overlay-gradient":""}},"ast-content-background-meta":{"desktop":{"background-color":"var(--ast-global-color-5)","background-image":"","background-repeat":"repeat","background-position":"center center","background-size":"auto","background-attachment":"scroll","background-type":"","background-media":"","overlay-type":"","overlay-color":"","overlay-opacity":"","overlay-gradient":""},"tablet":{"background-color":"var(--ast-global-color-5)","background-image":"","background-repeat":"repeat","background-position":"center center","background-size":"auto","background-attachment":"scroll","background-type":"","background-media":"","overlay-type":"","overlay-color":"","overlay-opacity":"","overlay-gradient":""},"mobile":{"background-color":"var(--ast-global-color-5)","background-image":"","background-repeat":"repeat","background-position":"center center","background-size":"auto","background-attachment":"scroll","background-type":"","background-media":"","overlay-type":"","overlay-color":"","overlay-opacity":"","overlay-gradient":""}}},"product_cat":[44,45],"product_tag":[76],"class_list":{"0":"post-1725","1":"product","2":"type-product","3":"status-publish","4":"has-post-thumbnail","6":"product_cat-gusto-8","7":"product_cat-las-de-siempre","8":"product_tag-gusto-8","9":"product_shipping_class-envio-gratuito-es","10":"pa_estils-stout-porter-es","11":"pa_estils-colaboraciones","12":"pa_format-botellin-33cl-es","13":"pa_graduacio-alcoholica-6-vol-es","14":"desktop-align-left","15":"tablet-align-left","16":"mobile-align-left","18":"first","19":"instock","20":"taxable","21":"shipping-taxable","22":"purchasable","23":"product-type-simple"},"acf":[],"_links":{"self":[{"href":"https:\/\/www.cervesaguineu.com\/es\/wp-json\/wp\/v2\/product\/1725","targetHints":{"allow":["GET"]}}],"collection":[{"href":"https:\/\/www.cervesaguineu.com\/es\/wp-json\/wp\/v2\/product"}],"about":[{"href":"https:\/\/www.cervesaguineu.com\/es\/wp-json\/wp\/v2\/types\/product"}],"wp:featuredmedia":[{"embeddable":true,"href":"https:\/\/www.cervesaguineu.com\/es\/wp-json\/wp\/v2\/media\/2160"}],"wp:attachment":[{"href":"https:\/\/www.cervesaguineu.com\/es\/wp-json\/wp\/v2\/media?parent=1725"}],"wp:term":[{"taxonomy":"product_cat","embeddable":true,"href":"https:\/\/www.cervesaguineu.com\/es\/wp-json\/wp\/v2\/product_cat?post=1725"},{"taxonomy":"product_tag","embeddable":true,"href":"https:\/\/www.cervesaguineu.com\/es\/wp-json\/wp\/v2\/product_tag?post=1725"}],"curies":[{"name":"wp","href":"https:\/\/api.w.org\/{rel}","templated":true}]}}